{"id":1988,"date":"2025-12-16T15:21:21","date_gmt":"2025-12-16T14:21:21","guid":{"rendered":"https:\/\/wasserlevante.com\/?page_id=1988"},"modified":"2026-02-04T09:25:50","modified_gmt":"2026-02-04T08:25:50","slug":"ventilacion","status":"publish","type":"page","link":"https:\/\/wasserlevante.com\/index.php\/ventilacion\/","title":{"rendered":"VENTILACI\u00d3N"},"content":{"rendered":"\t\t<div data-elementor-type=\"wp-page\" data-elementor-id=\"1988\" class=\"elementor elementor-1988\">\n\t\t\t\t\t\t<section class=\"elementor-section elementor-top-section elementor-element elementor-element-10bd3de elementor-section-height-min-height elementor-section-stretched elementor-section-boxed elementor-section-height-default elementor-section-items-middle wpr-particle-no wpr-jarallax-no wpr-parallax-no wpr-sticky-section-no\" data-id=\"10bd3de\" data-element_type=\"section\" data-settings=\"{&quot;background_background&quot;:&quot;classic&quot;,&quot;stretch_section&quot;:&quot;section-stretched&quot;}\">\n\t\t\t\t\t\t\t<div class=\"elementor-background-overlay\"><\/div>\n\t\t\t\t\t\t\t<div class=\"elementor-container elementor-column-gap-default\">\n\t\t\t\t\t<div class=\"elementor-column elementor-col-100 elementor-top-column elementor-element elementor-element-d2e33a7\" data-id=\"d2e33a7\" data-element_type=\"column\">\n\t\t\t<div class=\"elementor-widget-wrap elementor-element-populated\">\n\t\t\t\t\t\t<div class=\"elementor-element elementor-element-068add8 elementor-widget elementor-widget-heading\" data-id=\"068add8\" data-element_type=\"widget\" data-widget_type=\"heading.default\">\n\t\t\t\t<div class=\"elementor-widget-container\">\n\t\t\t\t\t<h1 class=\"elementor-heading-title elementor-size-default\">VENTILACI\u00d3N INDUSTRIAL<\/h1>\t\t\t\t<\/div>\n\t\t\t\t<\/div>\n\t\t\t\t<div class=\"elementor-element elementor-element-fd4d405 elementor-widget elementor-widget-text-editor\" data-id=\"fd4d405\" data-element_type=\"widget\" data-widget_type=\"text-editor.default\">\n\t\t\t\t<div class=\"elementor-widget-container\">\n\t\t\t\t\t\t\t\t\t<p>Conoce nuestros productos de ventilaci\u00f3n: ventiladores de simple aspiraci\u00f3n o doble aspiraci\u00f3n, trenes de ventilaci\u00f3n, recambios de motores o turbinas, especialmente dise\u00f1ados para optimizar la ventilaci\u00f3n en naves, f\u00e1bricas y entornos con altas exigencias operativas.<\/p>\t\t\t\t\t\t\t\t<\/div>\n\t\t\t\t<\/div>\n\t\t\t\t\t<\/div>\n\t\t<\/div>\n\t\t\t\t\t<\/div>\n\t\t<\/section>\n\t\t<div class=\"elementor-element elementor-element-6c234138 e-flex e-con-boxed wpr-particle-no wpr-jarallax-no wpr-parallax-no wpr-sticky-section-no e-con e-parent\" data-id=\"6c234138\" data-element_type=\"container\">\n\t\t\t\t\t<div class=\"e-con-inner\">\n\t\t\t\t<div class=\"elementor-element elementor-element-209a4d6a elementor-widget elementor-widget-text-editor\" data-id=\"209a4d6a\" data-element_type=\"widget\" data-widget_type=\"text-editor.default\">\n\t\t\t\t<div class=\"elementor-widget-container\">\n\t\t\t\t\t\t\t\t\t<p>Somos especialistas en soluciones de ventilaci\u00f3n industrial dise\u00f1adas para garantizar el m\u00e1ximo rendimiento en cualquier entorno. Nuestros equipos est\u00e1n pensados para trabajar en condiciones exigentes, mejorando la calidad del aire, reduciendo la humedad y optimizando los procesos productivos. La ventilaci\u00f3n industrial eficiente permite mantener est\u00e1ndares de seguridad, confort t\u00e9rmico y calidad del aire, reduciendo riesgos de contaminaci\u00f3n o acumulaci\u00f3n de gases.<\/p>\t\t\t\t\t\t\t\t<\/div>\n\t\t\t\t<\/div>\n\t\t\t\t\t<\/div>\n\t\t\t\t<\/div>\n\t\t\t\t<section class=\"elementor-section elementor-top-section elementor-element elementor-element-5d8c311 elementor-section-boxed elementor-section-height-default elementor-section-height-default wpr-particle-no wpr-jarallax-no wpr-parallax-no wpr-sticky-section-no\" data-id=\"5d8c311\" data-element_type=\"section\">\n\t\t\t\t\t\t<div class=\"elementor-container elementor-column-gap-default\">\n\t\t\t\t\t<div class=\"elementor-column elementor-col-100 elementor-top-column elementor-element elementor-element-9b209be\" data-id=\"9b209be\" data-element_type=\"column\">\n\t\t\t<div class=\"elementor-widget-wrap elementor-element-populated\">\n\t\t\t\t\t\t<section class=\"elementor-section elementor-inner-section elementor-element elementor-element-1a278bb elementor-section-boxed elementor-section-height-default elementor-section-height-default wpr-particle-no wpr-jarallax-no wpr-parallax-no wpr-sticky-section-no\" data-id=\"1a278bb\" data-element_type=\"section\">\n\t\t\t\t\t\t<div class=\"elementor-container elementor-column-gap-default\">\n\t\t\t\t\t<div class=\"elementor-column elementor-col-33 elementor-inner-column elementor-element elementor-element-b58d9e2\" data-id=\"b58d9e2\" data-element_type=\"column\">\n\t\t\t<div class=\"elementor-widget-wrap elementor-element-populated\">\n\t\t\t\t\t\t<div class=\"elementor-element elementor-element-69a97a0 wpr-promo-box-style-cover elementor-widget elementor-widget-wpr-promo-box\" data-id=\"69a97a0\" data-element_type=\"widget\" data-widget_type=\"wpr-promo-box.default\">\n\t\t\t\t<div class=\"elementor-widget-container\">\n\t\t\t\t\t\n\t\t<div class=\"wpr-promo-box wpr-animation-wrap\">\n\n\t\t\t\t\t\t\t\n\t\t\t\t\t\t\t<div class=\"wpr-promo-box-image\">\n\t\t\t\t\t<div class=\"wpr-promo-box-bg-image wpr-bg-anim-zoom-in wpr-anim-timing-ease-default\" style=\"background-image:url(https:\/\/wasserlevante.com\/wp-content\/plugins\/elementor\/assets\/images\/placeholder.png);\"><\/div>\n\t\t\t\t\t<div class=\"wpr-promo-box-bg-overlay wpr-border-anim-oscar\"><\/div>\n\t\t\t\t<\/div>\n\t\t\t\t\t\t\n\t\t\t<div class=\"wpr-promo-box-content\">\n\n\t\t\t\t\n\t\t\t\t<h3 class=\"wpr-promo-box-title\"><span>Serie TSA<\/span><\/h3>\n\t\t\t\t\t\t\t\t\t<div class=\"wpr-promo-box-description\">\n\t\t\t\t\t\t<p><p>Son ventiladores centr\u00edfugos de simple aspiraci\u00f3n a eje libre, preparados para accionamiento por transmisi\u00f3n, muy utilizados en aplicaciones de ventilaci\u00f3n industrial donde se requiere robustez y f\u00e1cil mantenimiento.<\/p><p>Lo forman 9 tama\u00f1os con marco y bastidor c\u00fabico que facilitan su montaje en cuatro orientaciones por mano. Se fabrican con el eje a la derecha (sentido horario) e izquierda (sentido antihorario), permitiendo integraci\u00f3n flexible en cualquier sistema de ventilaci\u00f3n en industrias.<\/p><p>Los 4 tama\u00f1os mayores poseen rodamientos con soporte de fundici\u00f3n, lo que asegura durabilidad y fiabilidad en operaciones continuas de ventilaci\u00f3n industrial.<\/p><\/p>\t\n\t\t\t\t\t<\/div>\t\t\t\t\t\t\n\t\t\t\t\n\t\t\t\t\t\t\t<\/div>\n\n\t\t\t\t\t<\/div>\n\n\t\t\t\t\t\t<\/div>\n\t\t\t\t<\/div>\n\t\t\t\t\t<\/div>\n\t\t<\/div>\n\t\t\t\t<div class=\"elementor-column elementor-col-33 elementor-inner-column elementor-element elementor-element-935f00b\" data-id=\"935f00b\" data-element_type=\"column\">\n\t\t\t<div class=\"elementor-widget-wrap elementor-element-populated\">\n\t\t\t\t\t\t<div class=\"elementor-element elementor-element-2da230a wpr-promo-box-style-cover elementor-widget elementor-widget-wpr-promo-box\" data-id=\"2da230a\" data-element_type=\"widget\" data-widget_type=\"wpr-promo-box.default\">\n\t\t\t\t<div class=\"elementor-widget-container\">\n\t\t\t\t\t\n\t\t<div class=\"wpr-promo-box wpr-animation-wrap\">\n\n\t\t\t\t\t\t\t\n\t\t\t\t\t\t\t<div class=\"wpr-promo-box-image\">\n\t\t\t\t\t<div class=\"wpr-promo-box-bg-image wpr-bg-anim-zoom-in wpr-anim-timing-ease-default\" style=\"background-image:url(https:\/\/wasserlevante.com\/wp-content\/plugins\/elementor\/assets\/images\/placeholder.png);\"><\/div>\n\t\t\t\t\t<div class=\"wpr-promo-box-bg-overlay wpr-border-anim-oscar\"><\/div>\n\t\t\t\t<\/div>\n\t\t\t\t\t\t\n\t\t\t<div class=\"wpr-promo-box-content\">\n\n\t\t\t\t\n\t\t\t\t<h3 class=\"wpr-promo-box-title\"><span>Serie TDA<\/span><\/h3>\n\t\t\t\t\t\t\t\t\t<div class=\"wpr-promo-box-description\">\n\t\t\t\t\t\t<p><p>Se trata de ventiladores centr\u00edfugos de doble aspiraci\u00f3n a eje libre, para accionamiento por transmisi\u00f3n mediante poleas y correas. Lo forman 23 tama\u00f1os con 3 variantes constructivas: L-Ligero, SR-Semireforzado y R-Reforzado, permitiendo adaptar la ventilaci\u00f3n y aspiraci\u00f3n industrial a cualquier carga de trabajo y condiciones de instalaci\u00f3n.<\/p><\/p>\t\n\t\t\t\t\t<\/div>\t\t\t\t\t\t\n\t\t\t\t\n\t\t\t\t\t\t\t<\/div>\n\n\t\t\t\t\t<\/div>\n\n\t\t\t\t\t\t<\/div>\n\t\t\t\t<\/div>\n\t\t\t\t\t<\/div>\n\t\t<\/div>\n\t\t\t\t<div class=\"elementor-column elementor-col-33 elementor-inner-column elementor-element elementor-element-1ddaa32\" data-id=\"1ddaa32\" data-element_type=\"column\">\n\t\t\t<div class=\"elementor-widget-wrap elementor-element-populated\">\n\t\t\t\t\t\t<div class=\"elementor-element elementor-element-eb8086a wpr-promo-box-style-cover elementor-widget elementor-widget-wpr-promo-box\" data-id=\"eb8086a\" data-element_type=\"widget\" data-widget_type=\"wpr-promo-box.default\">\n\t\t\t\t<div class=\"elementor-widget-container\">\n\t\t\t\t\t\n\t\t<div class=\"wpr-promo-box wpr-animation-wrap\">\n\n\t\t\t\t\t\t\t\n\t\t\t\t\t\t\t<div class=\"wpr-promo-box-image\">\n\t\t\t\t\t<div class=\"wpr-promo-box-bg-image wpr-bg-anim-zoom-in wpr-anim-timing-ease-default\" style=\"background-image:url(https:\/\/wasserlevante.com\/wp-content\/plugins\/elementor\/assets\/images\/placeholder.png);\"><\/div>\n\t\t\t\t\t<div class=\"wpr-promo-box-bg-overlay wpr-border-anim-oscar\"><\/div>\n\t\t\t\t<\/div>\n\t\t\t\t\t\t\n\t\t\t<div class=\"wpr-promo-box-content\">\n\n\t\t\t\t\n\t\t\t\t<h3 class=\"wpr-promo-box-title\"><span>Serie TMD<\/span><\/h3>\n\t\t\t\t\t\t\t\t\t<div class=\"wpr-promo-box-description\">\n\t\t\t\t\t\t<p><p>Son ventiladores centr\u00edfugos de baja presi\u00f3n cuyo rodete queda acoplado directamente al eje del motor. Los motores son IP54, monof\u00e1sicos o trif\u00e1sicos, una soluci\u00f3n eficiente para sistemas de ventilaci\u00f3n industrial que priorizan bajo consumo energ\u00e9tico y funcionamiento continuo.<\/p><p>En todos nuestros modelos de ventilaci\u00f3n industrial, el objetivo es combinar eficiencia, seguridad y flexibilidad, garantizando un control \u00f3ptimo del flujo de aire en cada instalaci\u00f3n.<\/p><\/p>\t\n\t\t\t\t\t<\/div>\t\t\t\t\t\t\n\t\t\t\t\n\t\t\t\t\t\t\t<\/div>\n\n\t\t\t\t\t<\/div>\n\n\t\t\t\t\t\t<\/div>\n\t\t\t\t<\/div>\n\t\t\t\t\t<\/div>\n\t\t<\/div>\n\t\t\t\t\t<\/div>\n\t\t<\/section>\n\t\t\t\t\t<\/div>\n\t\t<\/div>\n\t\t\t\t\t<\/div>\n\t\t<\/section>\n\t\t<div class=\"elementor-element elementor-element-3e19a4e e-flex e-con-boxed wpr-particle-no wpr-jarallax-no wpr-parallax-no wpr-sticky-section-no e-con e-parent\" data-id=\"3e19a4e\" data-element_type=\"container\">\n\t\t\t\t\t<div class=\"e-con-inner\">\n\t\t\t\t<div class=\"elementor-element elementor-element-cc33f3e elementor-align-center elementor-widget elementor-widget-button\" data-id=\"cc33f3e\" data-element_type=\"widget\" data-widget_type=\"button.default\">\n\t\t\t\t<div class=\"elementor-widget-container\">\n\t\t\t\t\t\t\t\t\t<div class=\"elementor-button-wrapper\">\n\t\t\t\t\t<a class=\"elementor-button elementor-button-link elementor-size-sm\" href=\"https:\/\/wasserlevante.com\/wp-content\/uploads\/2024\/01\/CyR-Diptico-Resumen-productos-2023.pdf\" target=\"_blank\">\n\t\t\t\t\t\t<span class=\"elementor-button-content-wrapper\">\n\t\t\t\t\t\t<span class=\"elementor-button-icon\">\n\t\t\t\t<svg aria-hidden=\"true\" class=\"e-font-icon-svg e-fas-file-pdf\" viewBox=\"0 0 384 512\" xmlns=\"http:\/\/www.w3.org\/2000\/svg\"><path d=\"M181.9 256.1c-5-16-4.9-46.9-2-46.9 8.4 0 7.6 36.9 2 46.9zm-1.7 47.2c-7.7 20.2-17.3 43.3-28.4 62.7 18.3-7 39-17.2 62.9-21.9-12.7-9.6-24.9-23.4-34.5-40.8zM86.1 428.1c0 .8 13.2-5.4 34.9-40.2-6.7 6.3-29.1 24.5-34.9 40.2zM248 160h136v328c0 13.3-10.7 24-24 24H24c-13.3 0-24-10.7-24-24V24C0 10.7 10.7 0 24 0h200v136c0 13.2 10.8 24 24 24zm-8 171.8c-20-12.2-33.3-29-42.7-53.8 4.5-18.5 11.6-46.6 6.2-64.2-4.7-29.4-42.4-26.5-47.8-6.8-5 18.3-.4 44.1 8.1 77-11.6 27.6-28.7 64.6-40.8 85.8-.1 0-.1.1-.2.1-27.1 13.9-73.6 44.5-54.5 68 5.6 6.9 16 10 21.5 10 17.9 0 35.7-18 61.1-61.8 25.8-8.5 54.1-19.1 79-23.2 21.7 11.8 47.1 19.5 64 19.5 29.2 0 31.2-32 19.7-43.4-13.9-13.6-54.3-9.7-73.6-7.2zM377 105L279 7c-4.5-4.5-10.6-7-17-7h-6v128h128v-6.1c0-6.3-2.5-12.4-7-16.9zm-74.1 255.3c4.1-2.7-2.5-11.9-42.8-9 37.1 15.8 42.8 9 42.8 9z\"><\/path><\/svg>\t\t\t<\/span>\n\t\t\t\t\t\t\t\t\t<span class=\"elementor-button-text\">Ver PDF<\/span>\n\t\t\t\t\t<\/span>\n\t\t\t\t\t<\/a>\n\t\t\t\t<\/div>\n\t\t\t\t\t\t\t\t<\/div>\n\t\t\t\t<\/div>\n\t\t\t\t\t<\/div>\n\t\t\t\t<\/div>\n\t\t\t\t<\/div>\n\t\t","protected":false},"excerpt":{"rendered":"<p>VENTILACI\u00d3N INDUSTRIAL Conoce nuestros productos de ventilaci\u00f3n: ventiladores de simple aspiraci\u00f3n o doble aspiraci\u00f3n, trenes de ventilaci\u00f3n, recambios de motores o turbinas, especialmente dise\u00f1ados para optimizar la ventilaci\u00f3n en naves, f\u00e1bricas y entornos con altas exigencias operativas. Somos especialistas en soluciones de ventilaci\u00f3n industrial dise\u00f1adas para garantizar el m\u00e1ximo rendimiento en cualquier entorno. Nuestros equipos est\u00e1n pensados para trabajar en condiciones exigentes, mejorando la calidad del aire, reduciendo la humedad y optimizando los procesos productivos. La ventilaci\u00f3n industrial eficiente permite mantener est\u00e1ndares de seguridad, confort t\u00e9rmico y calidad del aire, reduciendo riesgos de contaminaci\u00f3n o acumulaci\u00f3n de gases. Serie TSA Son ventiladores centr\u00edfugos de simple aspiraci\u00f3n a eje libre, preparados para accionamiento por transmisi\u00f3n, muy utilizados en aplicaciones de ventilaci\u00f3n industrial donde se requiere robustez y f\u00e1cil mantenimiento. Lo forman 9 tama\u00f1os con marco y bastidor c\u00fabico que facilitan su montaje en cuatro orientaciones por mano. Se fabrican con el eje a la derecha (sentido horario) e izquierda (sentido antihorario), permitiendo integraci\u00f3n flexible en cualquier sistema de ventilaci\u00f3n en industrias. Los 4 tama\u00f1os mayores poseen rodamientos con soporte de fundici\u00f3n, lo que asegura durabilidad y fiabilidad en operaciones continuas de ventilaci\u00f3n industrial. Serie TDA Se trata de ventiladores centr\u00edfugos de doble aspiraci\u00f3n a eje libre, para accionamiento por transmisi\u00f3n mediante poleas y correas. Lo forman 23 tama\u00f1os con 3 variantes constructivas: L-Ligero, SR-Semireforzado y R-Reforzado, permitiendo adaptar la ventilaci\u00f3n y aspiraci\u00f3n industrial a cualquier carga de trabajo y condiciones de instalaci\u00f3n. Serie TMD Son ventiladores centr\u00edfugos de baja presi\u00f3n cuyo rodete queda acoplado directamente al eje del motor. Los motores son IP54, monof\u00e1sicos o trif\u00e1sicos, una soluci\u00f3n eficiente para sistemas de ventilaci\u00f3n industrial que priorizan bajo consumo energ\u00e9tico y funcionamiento continuo. En todos nuestros modelos de ventilaci\u00f3n industrial, el objetivo es combinar eficiencia, seguridad y flexibilidad, garantizando un control \u00f3ptimo del flujo de aire en cada instalaci\u00f3n. Ver PDF<\/p>\n","protected":false},"author":1,"featured_media":0,"parent":0,"menu_order":0,"comment_status":"closed","ping_status":"closed","template":"elementor_canvas","meta":{"footnotes":""},"class_list":["post-1988","page","type-page","status-publish","hentry"],"yoast_head":"<!-- This site is optimized with the Yoast SEO plugin v26.7 - https:\/\/yoast.com\/wordpress\/plugins\/seo\/ -->\n<title>Ventilaci\u00f3n Industrial | Aspiraci\u00f3n Industrial | Wasser Levante<\/title>\n<meta name=\"description\" content=\"Ventilaci\u00f3n industrial y aspiraci\u00f3n industrial para renovar el aire y mejorar la seguridad de tu empresa. Optimiza tu sistema. \u00a1Ll\u00e1manos!\" \/>\n<meta name=\"robots\" content=\"index, follow, max-snippet:-1, max-image-preview:large, max-video-preview:-1\" \/>\n<link rel=\"canonical\" href=\"https:\/\/wasserlevante.com\/index.php\/ventilacion\/\" \/>\n<meta property=\"og:locale\" content=\"en_US\" \/>\n<meta property=\"og:type\" content=\"article\" \/>\n<meta property=\"og:title\" content=\"Ventilaci\u00f3n Industrial | Aspiraci\u00f3n Industrial | Wasser Levante\" \/>\n<meta property=\"og:description\" content=\"Ventilaci\u00f3n industrial y aspiraci\u00f3n industrial para renovar el aire y mejorar la seguridad de tu empresa. Optimiza tu sistema. \u00a1Ll\u00e1manos!\" \/>\n<meta property=\"og:url\" content=\"https:\/\/wasserlevante.com\/index.php\/ventilacion\/\" \/>\n<meta property=\"og:site_name\" content=\"Wasser Levante\" \/>\n<meta property=\"article:modified_time\" content=\"2026-02-04T08:25:50+00:00\" \/>\n<meta name=\"twitter:card\" content=\"summary_large_image\" \/>\n<meta name=\"twitter:label1\" content=\"Est. reading time\" \/>\n\t<meta name=\"twitter:data1\" content=\"2 minutes\" \/>\n<script type=\"application\/ld+json\" class=\"yoast-schema-graph\">{\"@context\":\"https:\/\/schema.org\",\"@graph\":[{\"@type\":\"WebPage\",\"@id\":\"https:\/\/wasserlevante.com\/index.php\/ventilacion\/\",\"url\":\"https:\/\/wasserlevante.com\/index.php\/ventilacion\/\",\"name\":\"Ventilaci\u00f3n Industrial | Aspiraci\u00f3n Industrial | Wasser Levante\",\"isPartOf\":{\"@id\":\"https:\/\/wasserlevante.com\/#website\"},\"datePublished\":\"2025-12-16T14:21:21+00:00\",\"dateModified\":\"2026-02-04T08:25:50+00:00\",\"description\":\"Ventilaci\u00f3n industrial y aspiraci\u00f3n industrial para renovar el aire y mejorar la seguridad de tu empresa. Optimiza tu sistema. \u00a1Ll\u00e1manos!\",\"breadcrumb\":{\"@id\":\"https:\/\/wasserlevante.com\/index.php\/ventilacion\/#breadcrumb\"},\"inLanguage\":\"en-US\",\"potentialAction\":[{\"@type\":\"ReadAction\",\"target\":[\"https:\/\/wasserlevante.com\/index.php\/ventilacion\/\"]}]},{\"@type\":\"BreadcrumbList\",\"@id\":\"https:\/\/wasserlevante.com\/index.php\/ventilacion\/#breadcrumb\",\"itemListElement\":[{\"@type\":\"ListItem\",\"position\":1,\"name\":\"Portada\",\"item\":\"https:\/\/wasserlevante.com\/\"},{\"@type\":\"ListItem\",\"position\":2,\"name\":\"VENTILACI\u00d3N\"}]},{\"@type\":\"WebSite\",\"@id\":\"https:\/\/wasserlevante.com\/#website\",\"url\":\"https:\/\/wasserlevante.com\/\",\"name\":\"Wasser Levante\",\"description\":\"Empresa especializada en climatizaci\u00f3n y mantenimientos industriales\",\"potentialAction\":[{\"@type\":\"SearchAction\",\"target\":{\"@type\":\"EntryPoint\",\"urlTemplate\":\"https:\/\/wasserlevante.com\/?s={search_term_string}\"},\"query-input\":{\"@type\":\"PropertyValueSpecification\",\"valueRequired\":true,\"valueName\":\"search_term_string\"}}],\"inLanguage\":\"en-US\"}]}<\/script>\n<!-- \/ Yoast SEO plugin. -->","yoast_head_json":{"title":"Ventilaci\u00f3n Industrial | Aspiraci\u00f3n Industrial | Wasser Levante","description":"Ventilaci\u00f3n industrial y aspiraci\u00f3n industrial para renovar el aire y mejorar la seguridad de tu empresa. Optimiza tu sistema. \u00a1Ll\u00e1manos!","robots":{"index":"index","follow":"follow","max-snippet":"max-snippet:-1","max-image-preview":"max-image-preview:large","max-video-preview":"max-video-preview:-1"},"canonical":"https:\/\/wasserlevante.com\/index.php\/ventilacion\/","og_locale":"en_US","og_type":"article","og_title":"Ventilaci\u00f3n Industrial | Aspiraci\u00f3n Industrial | Wasser Levante","og_description":"Ventilaci\u00f3n industrial y aspiraci\u00f3n industrial para renovar el aire y mejorar la seguridad de tu empresa. Optimiza tu sistema. \u00a1Ll\u00e1manos!","og_url":"https:\/\/wasserlevante.com\/index.php\/ventilacion\/","og_site_name":"Wasser Levante","article_modified_time":"2026-02-04T08:25:50+00:00","twitter_card":"summary_large_image","twitter_misc":{"Est. reading time":"2 minutes"},"schema":{"@context":"https:\/\/schema.org","@graph":[{"@type":"WebPage","@id":"https:\/\/wasserlevante.com\/index.php\/ventilacion\/","url":"https:\/\/wasserlevante.com\/index.php\/ventilacion\/","name":"Ventilaci\u00f3n Industrial | Aspiraci\u00f3n Industrial | Wasser Levante","isPartOf":{"@id":"https:\/\/wasserlevante.com\/#website"},"datePublished":"2025-12-16T14:21:21+00:00","dateModified":"2026-02-04T08:25:50+00:00","description":"Ventilaci\u00f3n industrial y aspiraci\u00f3n industrial para renovar el aire y mejorar la seguridad de tu empresa. Optimiza tu sistema. \u00a1Ll\u00e1manos!","breadcrumb":{"@id":"https:\/\/wasserlevante.com\/index.php\/ventilacion\/#breadcrumb"},"inLanguage":"en-US","potentialAction":[{"@type":"ReadAction","target":["https:\/\/wasserlevante.com\/index.php\/ventilacion\/"]}]},{"@type":"BreadcrumbList","@id":"https:\/\/wasserlevante.com\/index.php\/ventilacion\/#breadcrumb","itemListElement":[{"@type":"ListItem","position":1,"name":"Portada","item":"https:\/\/wasserlevante.com\/"},{"@type":"ListItem","position":2,"name":"VENTILACI\u00d3N"}]},{"@type":"WebSite","@id":"https:\/\/wasserlevante.com\/#website","url":"https:\/\/wasserlevante.com\/","name":"Wasser Levante","description":"Empresa especializada en climatizaci\u00f3n y mantenimientos industriales","potentialAction":[{"@type":"SearchAction","target":{"@type":"EntryPoint","urlTemplate":"https:\/\/wasserlevante.com\/?s={search_term_string}"},"query-input":{"@type":"PropertyValueSpecification","valueRequired":true,"valueName":"search_term_string"}}],"inLanguage":"en-US"}]}},"_links":{"self":[{"href":"https:\/\/wasserlevante.com\/index.php\/wp-json\/wp\/v2\/pages\/1988","targetHints":{"allow":["GET"]}}],"collection":[{"href":"https:\/\/wasserlevante.com\/index.php\/wp-json\/wp\/v2\/pages"}],"about":[{"href":"https:\/\/wasserlevante.com\/index.php\/wp-json\/wp\/v2\/types\/page"}],"author":[{"embeddable":true,"href":"https:\/\/wasserlevante.com\/index.php\/wp-json\/wp\/v2\/users\/1"}],"replies":[{"embeddable":true,"href":"https:\/\/wasserlevante.com\/index.php\/wp-json\/wp\/v2\/comments?post=1988"}],"version-history":[{"count":40,"href":"https:\/\/wasserlevante.com\/index.php\/wp-json\/wp\/v2\/pages\/1988\/revisions"}],"predecessor-version":[{"id":2327,"href":"https:\/\/wasserlevante.com\/index.php\/wp-json\/wp\/v2\/pages\/1988\/revisions\/2327"}],"wp:attachment":[{"href":"https:\/\/wasserlevante.com\/index.php\/wp-json\/wp\/v2\/media?parent=1988"}],"curies":[{"name":"wp","href":"https:\/\/api.w.org\/{rel}","templated":true}]}}