{"id":1995,"date":"2025-12-16T15:24:58","date_gmt":"2025-12-16T14:24:58","guid":{"rendered":"https:\/\/wasserlevante.com\/?page_id=1995"},"modified":"2026-02-04T09:28:01","modified_gmt":"2026-02-04T08:28:01","slug":"conductos","status":"publish","type":"page","link":"https:\/\/wasserlevante.com\/index.php\/conductos\/","title":{"rendered":"CONDUCTOS"},"content":{"rendered":"\t\t<div data-elementor-type=\"wp-page\" data-elementor-id=\"1995\" class=\"elementor elementor-1995\">\n\t\t\t\t\t\t<section class=\"elementor-section elementor-top-section elementor-element elementor-element-5a3e761 elementor-section-height-min-height elementor-section-stretched elementor-section-boxed elementor-section-height-default elementor-section-items-middle wpr-particle-no wpr-jarallax-no wpr-parallax-no wpr-sticky-section-no\" data-id=\"5a3e761\" data-element_type=\"section\" data-settings=\"{&quot;background_background&quot;:&quot;classic&quot;,&quot;stretch_section&quot;:&quot;section-stretched&quot;}\">\n\t\t\t\t\t\t\t<div class=\"elementor-background-overlay\"><\/div>\n\t\t\t\t\t\t\t<div class=\"elementor-container elementor-column-gap-default\">\n\t\t\t\t\t<div class=\"elementor-column elementor-col-100 elementor-top-column elementor-element elementor-element-67dba5b\" data-id=\"67dba5b\" data-element_type=\"column\">\n\t\t\t<div class=\"elementor-widget-wrap elementor-element-populated\">\n\t\t\t\t\t\t<div class=\"elementor-element elementor-element-87dfb57 elementor-widget elementor-widget-heading\" data-id=\"87dfb57\" data-element_type=\"widget\" data-widget_type=\"heading.default\">\n\t\t\t\t<div class=\"elementor-widget-container\">\n\t\t\t\t\t<h1 class=\"elementor-heading-title elementor-size-default\">CONDUCTOS DE AIRE ACONDICIONADO<\/h1>\t\t\t\t<\/div>\n\t\t\t\t<\/div>\n\t\t\t\t<div class=\"elementor-element elementor-element-c31c2c4 elementor-widget elementor-widget-text-editor\" data-id=\"c31c2c4\" data-element_type=\"widget\" data-widget_type=\"text-editor.default\">\n\t\t\t\t<div class=\"elementor-widget-container\">\n\t\t\t\t\t\t\t\t\t<p>Tenemos diferentes tipos de conducto superflexible, conductos flexibles con diferentes opciones de aislamiento t\u00e9rmico y ac\u00fastico, ideales para mantener la eficiencia energ\u00e9tica y la calidad del aire en instalaciones modernas de climatizaci\u00f3n.<\/p>\t\t\t\t\t\t\t\t<\/div>\n\t\t\t\t<\/div>\n\t\t\t\t\t<\/div>\n\t\t<\/div>\n\t\t\t\t\t<\/div>\n\t\t<\/section>\n\t\t<div class=\"elementor-element elementor-element-5e78f2b4 e-flex e-con-boxed wpr-particle-no wpr-jarallax-no wpr-parallax-no wpr-sticky-section-no e-con e-parent\" data-id=\"5e78f2b4\" data-element_type=\"container\">\n\t\t\t\t\t<div class=\"e-con-inner\">\n\t\t\t\t<div class=\"elementor-element elementor-element-2b7b3cb elementor-widget elementor-widget-text-editor\" data-id=\"2b7b3cb\" data-element_type=\"widget\" data-widget_type=\"text-editor.default\">\n\t\t\t\t<div class=\"elementor-widget-container\">\n\t\t\t\t\t\t\t\t\t<p>Ofrecemos soluciones tanto para instalaciones como mantenimientos de conductos de ventilaci\u00f3n y control de su calidad de aire, garantizando que cada conducto de aire acondicionado cumple con normativa, durabilidad y correcto flujo de aire.<\/p><h2>Tipos y aplicaciones de los conductos de aire acondicionado<\/h2><p>Tenemos diferentes tipos de conductos flexibles y superflexibles de alta calidad de aluminio y aislamiento, perfectos para adaptarse a cualquier proyecto, desde oficinas y locales comerciales hasta naves industriales.<\/p>\t\t\t\t\t\t\t\t<\/div>\n\t\t\t\t<\/div>\n\t\t\t\t\t<\/div>\n\t\t\t\t<\/div>\n\t\t\t\t<section class=\"elementor-section elementor-top-section elementor-element elementor-element-9543888 elementor-section-boxed elementor-section-height-default elementor-section-height-default wpr-particle-no wpr-jarallax-no wpr-parallax-no wpr-sticky-section-no\" data-id=\"9543888\" data-element_type=\"section\">\n\t\t\t\t\t\t<div class=\"elementor-container elementor-column-gap-default\">\n\t\t\t\t\t<div class=\"elementor-column elementor-col-100 elementor-top-column elementor-element elementor-element-2651c08\" data-id=\"2651c08\" data-element_type=\"column\">\n\t\t\t<div class=\"elementor-widget-wrap elementor-element-populated\">\n\t\t\t\t\t\t<section class=\"elementor-section elementor-inner-section elementor-element elementor-element-ee709cb elementor-section-boxed elementor-section-height-default elementor-section-height-default wpr-particle-no wpr-jarallax-no wpr-parallax-no wpr-sticky-section-no\" data-id=\"ee709cb\" data-element_type=\"section\">\n\t\t\t\t\t\t<div class=\"elementor-container elementor-column-gap-default\">\n\t\t\t\t\t<div class=\"elementor-column elementor-col-33 elementor-inner-column elementor-element elementor-element-81344a9\" data-id=\"81344a9\" data-element_type=\"column\">\n\t\t\t<div class=\"elementor-widget-wrap elementor-element-populated\">\n\t\t\t\t\t\t<div class=\"elementor-element elementor-element-91803df wpr-promo-box-style-cover elementor-widget elementor-widget-wpr-promo-box\" data-id=\"91803df\" data-element_type=\"widget\" data-widget_type=\"wpr-promo-box.default\">\n\t\t\t\t<div class=\"elementor-widget-container\">\n\t\t\t\t\t\n\t\t<div class=\"wpr-promo-box wpr-animation-wrap\">\n\n\t\t\t\t\t\t\t\n\t\t\t\t\t\t\t<div class=\"wpr-promo-box-image\">\n\t\t\t\t\t<div class=\"wpr-promo-box-bg-image wpr-bg-anim-zoom-in wpr-anim-timing-ease-default\" style=\"background-image:url(https:\/\/wasserlevante.com\/wp-content\/plugins\/elementor\/assets\/images\/placeholder.png);\"><\/div>\n\t\t\t\t\t<div class=\"wpr-promo-box-bg-overlay wpr-border-anim-oscar\"><\/div>\n\t\t\t\t<\/div>\n\t\t\t\t\t\t\n\t\t\t<div class=\"wpr-promo-box-content\">\n\n\t\t\t\t\n\t\t\t\t<h3 class=\"wpr-promo-box-title\"><span>SALPAFLEX<\/span><\/h3>\n\t\t\t\t\t\t\t\t\t<div class=\"wpr-promo-box-description\">\n\t\t\t\t\t\t<p><p>Conducto flexible, construido por una l\u00e1mina de complejo de aluminio y poli\u00e9ster, con un soporte interno encapsulado de hilo de acero en espiral. Su dise\u00f1o permite una instalaci\u00f3n r\u00e1pida y evita obst\u00e1culos, asegurando que el sistema de conductos de aire acondicionado funcione sin p\u00e9rdidas de eficiencia.<\/p><p>Ensamblado con adhesivo con base acr\u00edlica que favorece que en caso de incendio este conducto no produzca humos t\u00f3xicos, cumpliendo as\u00ed los est\u00e1ndares de seguridad y ventilaci\u00f3n industrial.<\/p><\/p>\t\n\t\t\t\t\t<\/div>\t\t\t\t\t\t\n\t\t\t\t\n\t\t\t\t\t\t\t<\/div>\n\n\t\t\t\t\t<\/div>\n\n\t\t\t\t\t\t<\/div>\n\t\t\t\t<\/div>\n\t\t\t\t\t<\/div>\n\t\t<\/div>\n\t\t\t\t<div class=\"elementor-column elementor-col-33 elementor-inner-column elementor-element elementor-element-1347120\" data-id=\"1347120\" data-element_type=\"column\">\n\t\t\t<div class=\"elementor-widget-wrap elementor-element-populated\">\n\t\t\t\t\t\t<div class=\"elementor-element elementor-element-eda01ad wpr-promo-box-style-cover elementor-widget elementor-widget-wpr-promo-box\" data-id=\"eda01ad\" data-element_type=\"widget\" data-widget_type=\"wpr-promo-box.default\">\n\t\t\t\t<div class=\"elementor-widget-container\">\n\t\t\t\t\t\n\t\t<div class=\"wpr-promo-box wpr-animation-wrap\">\n\n\t\t\t\t\t\t\t\n\t\t\t\t\t\t\t<div class=\"wpr-promo-box-image\">\n\t\t\t\t\t<div class=\"wpr-promo-box-bg-image wpr-bg-anim-zoom-in wpr-anim-timing-ease-default\" style=\"background-image:url(https:\/\/wasserlevante.com\/wp-content\/plugins\/elementor\/assets\/images\/placeholder.png);\"><\/div>\n\t\t\t\t\t<div class=\"wpr-promo-box-bg-overlay wpr-border-anim-oscar\"><\/div>\n\t\t\t\t<\/div>\n\t\t\t\t\t\t\n\t\t\t<div class=\"wpr-promo-box-content\">\n\n\t\t\t\t\n\t\t\t\t<h3 class=\"wpr-promo-box-title\"><span>SALPATERM<\/span><\/h3>\n\t\t\t\t\t\t\t\t\t<div class=\"wpr-promo-box-description\">\n\t\t\t\t\t\t<p><p>Conducto interior tipo Salpaflex con aislamiento en fibra de vidrio de 25 mm de espesor y 16 Kg\/m\u00b3. Revestimiento exterior formado por una l\u00e1mina de complejo de aluminio y poli\u00e9ster muy resistente, garantizando un rendimiento \u00f3ptimo en cualquier instalaci\u00f3n de conductos de aire acondicionado.<\/p><\/p>\t\n\t\t\t\t\t<\/div>\t\t\t\t\t\t\n\t\t\t\t\n\t\t\t\t\t\t\t<\/div>\n\n\t\t\t\t\t<\/div>\n\n\t\t\t\t\t\t<\/div>\n\t\t\t\t<\/div>\n\t\t\t\t\t<\/div>\n\t\t<\/div>\n\t\t\t\t<div class=\"elementor-column elementor-col-33 elementor-inner-column elementor-element elementor-element-0e6749e\" data-id=\"0e6749e\" data-element_type=\"column\">\n\t\t\t<div class=\"elementor-widget-wrap elementor-element-populated\">\n\t\t\t\t\t\t<div class=\"elementor-element elementor-element-f36f762 wpr-promo-box-style-cover elementor-widget elementor-widget-wpr-promo-box\" data-id=\"f36f762\" data-element_type=\"widget\" data-widget_type=\"wpr-promo-box.default\">\n\t\t\t\t<div class=\"elementor-widget-container\">\n\t\t\t\t\t\n\t\t<div class=\"wpr-promo-box wpr-animation-wrap\">\n\n\t\t\t\t\t\t\t\n\t\t\t\t\t\t\t<div class=\"wpr-promo-box-image\">\n\t\t\t\t\t<div class=\"wpr-promo-box-bg-image wpr-bg-anim-zoom-in wpr-anim-timing-ease-default\" style=\"background-image:url(https:\/\/wasserlevante.com\/wp-content\/plugins\/elementor\/assets\/images\/placeholder.png);\"><\/div>\n\t\t\t\t\t<div class=\"wpr-promo-box-bg-overlay wpr-border-anim-oscar\"><\/div>\n\t\t\t\t<\/div>\n\t\t\t\t\t\t\n\t\t\t<div class=\"wpr-promo-box-content\">\n\n\t\t\t\t\n\t\t\t\t<h3 class=\"wpr-promo-box-title\"><span>SALPACOMBI<\/span><\/h3>\n\t\t\t\t\t\t\t\t\t<div class=\"wpr-promo-box-description\">\n\t\t\t\t\t\t<p><p>Conducto flexible, construido por l\u00e1mina de aluminio y poli\u00e9ster con soporte interno encapsulado de hilo de acero en espiral, recubierto por PVC. Extremadamente flexible y resistente, ideal para colocaci\u00f3n en falsos techos, manteniendo un flujo eficiente en sistemas de aire acondicionado y ventilaci\u00f3n.<\/p><p>En todos nuestros modelos de conductos de aire acondicionado, la prioridad es ofrecer m\u00e1xima durabilidad, seguridad y eficiencia energ\u00e9tica, adapt\u00e1ndose a cada proyecto y tipo de instalaci\u00f3n.<\/p><\/p>\t\n\t\t\t\t\t<\/div>\t\t\t\t\t\t\n\t\t\t\t\n\t\t\t\t\t\t\t<\/div>\n\n\t\t\t\t\t<\/div>\n\n\t\t\t\t\t\t<\/div>\n\t\t\t\t<\/div>\n\t\t\t\t\t<\/div>\n\t\t<\/div>\n\t\t\t\t\t<\/div>\n\t\t<\/section>\n\t\t\t\t\t<\/div>\n\t\t<\/div>\n\t\t\t\t\t<\/div>\n\t\t<\/section>\n\t\t<div class=\"elementor-element elementor-element-74ba7ba e-flex e-con-boxed wpr-particle-no wpr-jarallax-no wpr-parallax-no wpr-sticky-section-no e-con e-parent\" data-id=\"74ba7ba\" data-element_type=\"container\">\n\t\t\t\t\t<div class=\"e-con-inner\">\n\t\t\t\t<div class=\"elementor-element elementor-element-be03bdb elementor-widget elementor-widget-text-editor\" data-id=\"be03bdb\" data-element_type=\"widget\" data-widget_type=\"text-editor.default\">\n\t\t\t\t<div class=\"elementor-widget-container\">\n\t\t\t\t\t\t\t\t\t<p>Tambi\u00e9n contamos con una amplia gama de tapas de inspecci\u00f3n o registros. Planas o curvadas galvanizadas o para alta temperatura en diferentes medidas y aberturas.<\/p>\t\t\t\t\t\t\t\t<\/div>\n\t\t\t\t<\/div>\n\t\t\t\t\t<\/div>\n\t\t\t\t<\/div>\n\t\t<div class=\"elementor-element elementor-element-0703c34 e-flex e-con-boxed wpr-particle-no wpr-jarallax-no wpr-parallax-no wpr-sticky-section-no e-con e-parent\" data-id=\"0703c34\" data-element_type=\"container\">\n\t\t\t\t\t<div class=\"e-con-inner\">\n\t\t\t\t<div class=\"elementor-element elementor-element-00a4f0a elementor-align-center elementor-widget elementor-widget-button\" data-id=\"00a4f0a\" data-element_type=\"widget\" data-widget_type=\"button.default\">\n\t\t\t\t<div class=\"elementor-widget-container\">\n\t\t\t\t\t\t\t\t\t<div class=\"elementor-button-wrapper\">\n\t\t\t\t\t<a class=\"elementor-button elementor-button-link elementor-size-sm\" href=\"https:\/\/wasserlevante.com\/wp-content\/uploads\/2024\/01\/Conducto-superflexible.pdf\" target=\"_blank\">\n\t\t\t\t\t\t<span class=\"elementor-button-content-wrapper\">\n\t\t\t\t\t\t<span class=\"elementor-button-icon\">\n\t\t\t\t<svg aria-hidden=\"true\" class=\"e-font-icon-svg e-fas-file-pdf\" viewBox=\"0 0 384 512\" xmlns=\"http:\/\/www.w3.org\/2000\/svg\"><path d=\"M181.9 256.1c-5-16-4.9-46.9-2-46.9 8.4 0 7.6 36.9 2 46.9zm-1.7 47.2c-7.7 20.2-17.3 43.3-28.4 62.7 18.3-7 39-17.2 62.9-21.9-12.7-9.6-24.9-23.4-34.5-40.8zM86.1 428.1c0 .8 13.2-5.4 34.9-40.2-6.7 6.3-29.1 24.5-34.9 40.2zM248 160h136v328c0 13.3-10.7 24-24 24H24c-13.3 0-24-10.7-24-24V24C0 10.7 10.7 0 24 0h200v136c0 13.2 10.8 24 24 24zm-8 171.8c-20-12.2-33.3-29-42.7-53.8 4.5-18.5 11.6-46.6 6.2-64.2-4.7-29.4-42.4-26.5-47.8-6.8-5 18.3-.4 44.1 8.1 77-11.6 27.6-28.7 64.6-40.8 85.8-.1 0-.1.1-.2.1-27.1 13.9-73.6 44.5-54.5 68 5.6 6.9 16 10 21.5 10 17.9 0 35.7-18 61.1-61.8 25.8-8.5 54.1-19.1 79-23.2 21.7 11.8 47.1 19.5 64 19.5 29.2 0 31.2-32 19.7-43.4-13.9-13.6-54.3-9.7-73.6-7.2zM377 105L279 7c-4.5-4.5-10.6-7-17-7h-6v128h128v-6.1c0-6.3-2.5-12.4-7-16.9zm-74.1 255.3c4.1-2.7-2.5-11.9-42.8-9 37.1 15.8 42.8 9 42.8 9z\"><\/path><\/svg>\t\t\t<\/span>\n\t\t\t\t\t\t\t\t\t<span class=\"elementor-button-text\">Ver PDF<\/span>\n\t\t\t\t\t<\/span>\n\t\t\t\t\t<\/a>\n\t\t\t\t<\/div>\n\t\t\t\t\t\t\t\t<\/div>\n\t\t\t\t<\/div>\n\t\t\t\t\t<\/div>\n\t\t\t\t<\/div>\n\t\t\t\t<\/div>\n\t\t","protected":false},"excerpt":{"rendered":"<p>CONDUCTOS DE AIRE ACONDICIONADO Tenemos diferentes tipos de conducto superflexible, conductos flexibles con diferentes opciones de aislamiento t\u00e9rmico y ac\u00fastico, ideales para mantener la eficiencia energ\u00e9tica y la calidad del aire en instalaciones modernas de climatizaci\u00f3n. Ofrecemos soluciones tanto para instalaciones como mantenimientos de conductos de ventilaci\u00f3n y control de su calidad de aire, garantizando que cada conducto de aire acondicionado cumple con normativa, durabilidad y correcto flujo de aire. Tipos y aplicaciones de los conductos de aire acondicionado Tenemos diferentes tipos de conductos flexibles y superflexibles de alta calidad de aluminio y aislamiento, perfectos para adaptarse a cualquier proyecto, desde oficinas y locales comerciales hasta naves industriales. SALPAFLEX Conducto flexible, construido por una l\u00e1mina de complejo de aluminio y poli\u00e9ster, con un soporte interno encapsulado de hilo de acero en espiral. Su dise\u00f1o permite una instalaci\u00f3n r\u00e1pida y evita obst\u00e1culos, asegurando que el sistema de conductos de aire acondicionado funcione sin p\u00e9rdidas de eficiencia. Ensamblado con adhesivo con base acr\u00edlica que favorece que en caso de incendio este conducto no produzca humos t\u00f3xicos, cumpliendo as\u00ed los est\u00e1ndares de seguridad y ventilaci\u00f3n industrial. SALPATERM Conducto interior tipo Salpaflex con aislamiento en fibra de vidrio de 25 mm de espesor y 16 Kg\/m\u00b3. Revestimiento exterior formado por una l\u00e1mina de complejo de aluminio y poli\u00e9ster muy resistente, garantizando un rendimiento \u00f3ptimo en cualquier instalaci\u00f3n de conductos de aire acondicionado. SALPACOMBI Conducto flexible, construido por l\u00e1mina de aluminio y poli\u00e9ster con soporte interno encapsulado de hilo de acero en espiral, recubierto por PVC. Extremadamente flexible y resistente, ideal para colocaci\u00f3n en falsos techos, manteniendo un flujo eficiente en sistemas de aire acondicionado y ventilaci\u00f3n. En todos nuestros modelos de conductos de aire acondicionado, la prioridad es ofrecer m\u00e1xima durabilidad, seguridad y eficiencia energ\u00e9tica, adapt\u00e1ndose a cada proyecto y tipo de instalaci\u00f3n. Tambi\u00e9n contamos con una amplia gama de tapas de inspecci\u00f3n o registros. Planas o curvadas galvanizadas o para alta temperatura en diferentes medidas y aberturas. Ver PDF<\/p>\n","protected":false},"author":1,"featured_media":0,"parent":0,"menu_order":0,"comment_status":"closed","ping_status":"closed","template":"elementor_canvas","meta":{"footnotes":""},"class_list":["post-1995","page","type-page","status-publish","hentry"],"yoast_head":"<!-- This site is optimized with the Yoast SEO plugin v26.7 - https:\/\/yoast.com\/wordpress\/plugins\/seo\/ -->\n<title>Conductos de Aire Acondicionado | Conductos de Ventilaci\u00f3n | Wasser Levante<\/title>\n<meta name=\"description\" content=\"Conductos de aire acondicionado y ventilaci\u00f3n para instalaciones y mantenimientos. Mejora tu red de aire con expertos en industria. \u00a1Pide presupuesto!\" \/>\n<meta name=\"robots\" content=\"index, follow, max-snippet:-1, max-image-preview:large, max-video-preview:-1\" \/>\n<link rel=\"canonical\" href=\"https:\/\/wasserlevante.com\/index.php\/conductos\/\" \/>\n<meta property=\"og:locale\" content=\"en_US\" \/>\n<meta property=\"og:type\" content=\"article\" \/>\n<meta property=\"og:title\" content=\"Conductos de Aire Acondicionado | Conductos de Ventilaci\u00f3n | Wasser Levante\" \/>\n<meta property=\"og:description\" content=\"Conductos de aire acondicionado y ventilaci\u00f3n para instalaciones y mantenimientos. Mejora tu red de aire con expertos en industria. \u00a1Pide presupuesto!\" \/>\n<meta property=\"og:url\" content=\"https:\/\/wasserlevante.com\/index.php\/conductos\/\" \/>\n<meta property=\"og:site_name\" content=\"Wasser Levante\" \/>\n<meta property=\"article:modified_time\" content=\"2026-02-04T08:28:01+00:00\" \/>\n<meta name=\"twitter:card\" content=\"summary_large_image\" \/>\n<meta name=\"twitter:label1\" content=\"Est. reading time\" \/>\n\t<meta name=\"twitter:data1\" content=\"2 minutes\" \/>\n<script type=\"application\/ld+json\" class=\"yoast-schema-graph\">{\"@context\":\"https:\/\/schema.org\",\"@graph\":[{\"@type\":\"WebPage\",\"@id\":\"https:\/\/wasserlevante.com\/index.php\/conductos\/\",\"url\":\"https:\/\/wasserlevante.com\/index.php\/conductos\/\",\"name\":\"Conductos de Aire Acondicionado | Conductos de Ventilaci\u00f3n | Wasser Levante\",\"isPartOf\":{\"@id\":\"https:\/\/wasserlevante.com\/#website\"},\"datePublished\":\"2025-12-16T14:24:58+00:00\",\"dateModified\":\"2026-02-04T08:28:01+00:00\",\"description\":\"Conductos de aire acondicionado y ventilaci\u00f3n para instalaciones y mantenimientos. Mejora tu red de aire con expertos en industria. \u00a1Pide presupuesto!\",\"breadcrumb\":{\"@id\":\"https:\/\/wasserlevante.com\/index.php\/conductos\/#breadcrumb\"},\"inLanguage\":\"en-US\",\"potentialAction\":[{\"@type\":\"ReadAction\",\"target\":[\"https:\/\/wasserlevante.com\/index.php\/conductos\/\"]}]},{\"@type\":\"BreadcrumbList\",\"@id\":\"https:\/\/wasserlevante.com\/index.php\/conductos\/#breadcrumb\",\"itemListElement\":[{\"@type\":\"ListItem\",\"position\":1,\"name\":\"Portada\",\"item\":\"https:\/\/wasserlevante.com\/\"},{\"@type\":\"ListItem\",\"position\":2,\"name\":\"CONDUCTOS\"}]},{\"@type\":\"WebSite\",\"@id\":\"https:\/\/wasserlevante.com\/#website\",\"url\":\"https:\/\/wasserlevante.com\/\",\"name\":\"Wasser Levante\",\"description\":\"Empresa especializada en climatizaci\u00f3n y mantenimientos industriales\",\"potentialAction\":[{\"@type\":\"SearchAction\",\"target\":{\"@type\":\"EntryPoint\",\"urlTemplate\":\"https:\/\/wasserlevante.com\/?s={search_term_string}\"},\"query-input\":{\"@type\":\"PropertyValueSpecification\",\"valueRequired\":true,\"valueName\":\"search_term_string\"}}],\"inLanguage\":\"en-US\"}]}<\/script>\n<!-- \/ Yoast SEO plugin. -->","yoast_head_json":{"title":"Conductos de Aire Acondicionado | Conductos de Ventilaci\u00f3n | Wasser Levante","description":"Conductos de aire acondicionado y ventilaci\u00f3n para instalaciones y mantenimientos. Mejora tu red de aire con expertos en industria. \u00a1Pide presupuesto!","robots":{"index":"index","follow":"follow","max-snippet":"max-snippet:-1","max-image-preview":"max-image-preview:large","max-video-preview":"max-video-preview:-1"},"canonical":"https:\/\/wasserlevante.com\/index.php\/conductos\/","og_locale":"en_US","og_type":"article","og_title":"Conductos de Aire Acondicionado | Conductos de Ventilaci\u00f3n | Wasser Levante","og_description":"Conductos de aire acondicionado y ventilaci\u00f3n para instalaciones y mantenimientos. Mejora tu red de aire con expertos en industria. \u00a1Pide presupuesto!","og_url":"https:\/\/wasserlevante.com\/index.php\/conductos\/","og_site_name":"Wasser Levante","article_modified_time":"2026-02-04T08:28:01+00:00","twitter_card":"summary_large_image","twitter_misc":{"Est. reading time":"2 minutes"},"schema":{"@context":"https:\/\/schema.org","@graph":[{"@type":"WebPage","@id":"https:\/\/wasserlevante.com\/index.php\/conductos\/","url":"https:\/\/wasserlevante.com\/index.php\/conductos\/","name":"Conductos de Aire Acondicionado | Conductos de Ventilaci\u00f3n | Wasser Levante","isPartOf":{"@id":"https:\/\/wasserlevante.com\/#website"},"datePublished":"2025-12-16T14:24:58+00:00","dateModified":"2026-02-04T08:28:01+00:00","description":"Conductos de aire acondicionado y ventilaci\u00f3n para instalaciones y mantenimientos. Mejora tu red de aire con expertos en industria. \u00a1Pide presupuesto!","breadcrumb":{"@id":"https:\/\/wasserlevante.com\/index.php\/conductos\/#breadcrumb"},"inLanguage":"en-US","potentialAction":[{"@type":"ReadAction","target":["https:\/\/wasserlevante.com\/index.php\/conductos\/"]}]},{"@type":"BreadcrumbList","@id":"https:\/\/wasserlevante.com\/index.php\/conductos\/#breadcrumb","itemListElement":[{"@type":"ListItem","position":1,"name":"Portada","item":"https:\/\/wasserlevante.com\/"},{"@type":"ListItem","position":2,"name":"CONDUCTOS"}]},{"@type":"WebSite","@id":"https:\/\/wasserlevante.com\/#website","url":"https:\/\/wasserlevante.com\/","name":"Wasser Levante","description":"Empresa especializada en climatizaci\u00f3n y mantenimientos industriales","potentialAction":[{"@type":"SearchAction","target":{"@type":"EntryPoint","urlTemplate":"https:\/\/wasserlevante.com\/?s={search_term_string}"},"query-input":{"@type":"PropertyValueSpecification","valueRequired":true,"valueName":"search_term_string"}}],"inLanguage":"en-US"}]}},"_links":{"self":[{"href":"https:\/\/wasserlevante.com\/index.php\/wp-json\/wp\/v2\/pages\/1995","targetHints":{"allow":["GET"]}}],"collection":[{"href":"https:\/\/wasserlevante.com\/index.php\/wp-json\/wp\/v2\/pages"}],"about":[{"href":"https:\/\/wasserlevante.com\/index.php\/wp-json\/wp\/v2\/types\/page"}],"author":[{"embeddable":true,"href":"https:\/\/wasserlevante.com\/index.php\/wp-json\/wp\/v2\/users\/1"}],"replies":[{"embeddable":true,"href":"https:\/\/wasserlevante.com\/index.php\/wp-json\/wp\/v2\/comments?post=1995"}],"version-history":[{"count":25,"href":"https:\/\/wasserlevante.com\/index.php\/wp-json\/wp\/v2\/pages\/1995\/revisions"}],"predecessor-version":[{"id":2330,"href":"https:\/\/wasserlevante.com\/index.php\/wp-json\/wp\/v2\/pages\/1995\/revisions\/2330"}],"wp:attachment":[{"href":"https:\/\/wasserlevante.com\/index.php\/wp-json\/wp\/v2\/media?parent=1995"}],"curies":[{"name":"wp","href":"https:\/\/api.w.org\/{rel}","templated":true}]}}