{"id":2002,"date":"2025-12-16T15:29:05","date_gmt":"2025-12-16T14:29:05","guid":{"rendered":"https:\/\/wasserlevante.com\/?page_id=2002"},"modified":"2026-02-04T09:30:26","modified_gmt":"2026-02-04T08:30:26","slug":"accesorios-instalaciones","status":"publish","type":"page","link":"https:\/\/wasserlevante.com\/index.php\/accesorios-instalaciones\/","title":{"rendered":"ACCESORIOS INSTALACIONES"},"content":{"rendered":"\t\t<div data-elementor-type=\"wp-page\" data-elementor-id=\"2002\" class=\"elementor elementor-2002\">\n\t\t\t\t\t\t<section class=\"elementor-section elementor-top-section elementor-element elementor-element-6159108 elementor-section-height-min-height elementor-section-stretched elementor-section-boxed elementor-section-height-default elementor-section-items-middle wpr-particle-no wpr-jarallax-no wpr-parallax-no wpr-sticky-section-no\" data-id=\"6159108\" data-element_type=\"section\" data-settings=\"{&quot;background_background&quot;:&quot;classic&quot;,&quot;stretch_section&quot;:&quot;section-stretched&quot;}\">\n\t\t\t\t\t\t\t<div class=\"elementor-background-overlay\"><\/div>\n\t\t\t\t\t\t\t<div class=\"elementor-container elementor-column-gap-default\">\n\t\t\t\t\t<div class=\"elementor-column elementor-col-100 elementor-top-column elementor-element elementor-element-daec276\" data-id=\"daec276\" data-element_type=\"column\">\n\t\t\t<div class=\"elementor-widget-wrap elementor-element-populated\">\n\t\t\t\t\t\t<div class=\"elementor-element elementor-element-9339ea5 elementor-widget elementor-widget-heading\" data-id=\"9339ea5\" data-element_type=\"widget\" data-widget_type=\"heading.default\">\n\t\t\t\t<div class=\"elementor-widget-container\">\n\t\t\t\t\t<h1 class=\"elementor-heading-title elementor-size-default\">ACCESORIOS DE AIRE ACONDICIONADO Y VENTILACI\u00d3N<\/h1>\t\t\t\t<\/div>\n\t\t\t\t<\/div>\n\t\t\t\t<div class=\"elementor-element elementor-element-96b1e7b elementor-widget elementor-widget-text-editor\" data-id=\"96b1e7b\" data-element_type=\"widget\" data-widget_type=\"text-editor.default\">\n\t\t\t\t<div class=\"elementor-widget-container\">\n\t\t\t\t\t\t\t\t\t<p>Conoce nuestras compuertas iris, nuestras tapas de inspecci\u00f3n en inox o galvanizadas y tambi\u00e9n para alta temperatura, nuestros amortiguadores y abrazaderas, o nuestros conductos flexibles o superflexibles. Todos estos accesorios de aire acondicionado y ventilaci\u00f3n est\u00e1n dise\u00f1ados para mejorar el rendimiento, seguridad y durabilidad de cualquier sistema de climatizaci\u00f3n.<\/p>\t\t\t\t\t\t\t\t<\/div>\n\t\t\t\t<\/div>\n\t\t\t\t\t<\/div>\n\t\t<\/div>\n\t\t\t\t\t<\/div>\n\t\t<\/section>\n\t\t<div class=\"elementor-element elementor-element-75ccd3eb e-flex e-con-boxed wpr-particle-no wpr-jarallax-no wpr-parallax-no wpr-sticky-section-no e-con e-parent\" data-id=\"75ccd3eb\" data-element_type=\"container\">\n\t\t\t\t\t<div class=\"e-con-inner\">\n\t\t\t\t<div class=\"elementor-element elementor-element-4557522a elementor-widget elementor-widget-text-editor\" data-id=\"4557522a\" data-element_type=\"widget\" data-widget_type=\"text-editor.default\">\n\t\t\t\t<div class=\"elementor-widget-container\">\n\t\t\t\t\t\t\t\t\t<p>Conocemos de primera mano las necesidades de los instaladores, por lo que queremos facilitar todo el proceso con productos de calidad como nuestros amortiguadores, asegurando la estabilidad de unidades de ventilaci\u00f3n y aire acondicionado en proyectos residenciales, comerciales e industriales.<\/p><p>La serie de amortiguadores AM consta de aisladores de resorte (componente absorbente de baja frecuencia), ideales para proteger equipos de vibraciones en instalaciones de aire acondicionado y ventilaci\u00f3n, especialmente en sistemas de gran tama\u00f1o o en entornos industriales.<\/p><p>Los amortiguadores AM2 consisten en un sistema de 2 aisladores met\u00e1licos de resorte combinados en paralelo. La capacidad de carga variada que pueden soportar (de 170 Kg a 1100 Kg) los convierte en los m\u00e1s adecuados para aislar todo tipo de maquinaria con baja frecuencia (por debajo de 1.200 rpm), garantizando una correcta absorci\u00f3n de vibraciones y prolongando la vida \u00fatil del sistema de aire acondicionado y ventilaci\u00f3n.<\/p><p>Al igual que los aisladores AM2, los modelos AM4 se combinan en paralelo. Esta posibilidad de combinar aisladores produce una amplia gama, de los cuales 13 modelos han sido estandarizados con diferencias entre ellos de solo 100 kg. Esto permite personalizar los accesorios de aire acondicionado y ventilaci\u00f3n seg\u00fan las necesidades espec\u00edficas de cada instalaci\u00f3n, optimizando rendimiento y seguridad.<\/p><p>La serie MICRO AM4 consiste en un sistema de 4 aisladores combinados en paralelo. La capacidad de carga variada que pueden soportar (de 20 Kg a 500 Kg) los convierte en los m\u00e1s adecuados para aislar todo tipo de maquinaria con baja frecuencia (por debajo de 600 rpm). Su dise\u00f1o refuerza la absorci\u00f3n lateral, asegurando que todos los accesorios de aire acondicionado y ventilaci\u00f3n funcionen de manera eficiente y sin vibraciones da\u00f1inas.<\/p><h2>Instalaci\u00f3n de sistemas de ventilaci\u00f3n: Accesorios de climatizaci\u00f3n<\/h2><p>Todos nuestros accesorios de aire acondicionado y ventilaci\u00f3n est\u00e1n pensados para simplificar la instalaci\u00f3n, mejorar el rendimiento y garantizar la durabilidad de los sistemas, desde la fase de montaje hasta el mantenimiento rutinario.<\/p>\t\t\t\t\t\t\t\t<\/div>\n\t\t\t\t<\/div>\n\t\t\t\t\t<\/div>\n\t\t\t\t<\/div>\n\t\t<div class=\"elementor-element elementor-element-3124eda e-flex e-con-boxed wpr-particle-no wpr-jarallax-no wpr-parallax-no wpr-sticky-section-no e-con e-parent\" data-id=\"3124eda\" data-element_type=\"container\">\n\t\t\t\t\t<div class=\"e-con-inner\">\n\t\t\t\t<div class=\"elementor-element elementor-element-7623b35 elementor-align-center elementor-widget elementor-widget-button\" data-id=\"7623b35\" data-element_type=\"widget\" data-widget_type=\"button.default\">\n\t\t\t\t<div class=\"elementor-widget-container\">\n\t\t\t\t\t\t\t\t\t<div class=\"elementor-button-wrapper\">\n\t\t\t\t\t<a class=\"elementor-button elementor-button-link elementor-size-sm\" href=\"https:\/\/wasserlevante.com\/wp-content\/uploads\/2024\/01\/2023D1-Tarifa-Prod-Wasser-Levante-SP.pdf\">\n\t\t\t\t\t\t<span class=\"elementor-button-content-wrapper\">\n\t\t\t\t\t\t<span class=\"elementor-button-icon\">\n\t\t\t\t<svg aria-hidden=\"true\" class=\"e-font-icon-svg e-fas-file-pdf\" viewBox=\"0 0 384 512\" xmlns=\"http:\/\/www.w3.org\/2000\/svg\"><path d=\"M181.9 256.1c-5-16-4.9-46.9-2-46.9 8.4 0 7.6 36.9 2 46.9zm-1.7 47.2c-7.7 20.2-17.3 43.3-28.4 62.7 18.3-7 39-17.2 62.9-21.9-12.7-9.6-24.9-23.4-34.5-40.8zM86.1 428.1c0 .8 13.2-5.4 34.9-40.2-6.7 6.3-29.1 24.5-34.9 40.2zM248 160h136v328c0 13.3-10.7 24-24 24H24c-13.3 0-24-10.7-24-24V24C0 10.7 10.7 0 24 0h200v136c0 13.2 10.8 24 24 24zm-8 171.8c-20-12.2-33.3-29-42.7-53.8 4.5-18.5 11.6-46.6 6.2-64.2-4.7-29.4-42.4-26.5-47.8-6.8-5 18.3-.4 44.1 8.1 77-11.6 27.6-28.7 64.6-40.8 85.8-.1 0-.1.1-.2.1-27.1 13.9-73.6 44.5-54.5 68 5.6 6.9 16 10 21.5 10 17.9 0 35.7-18 61.1-61.8 25.8-8.5 54.1-19.1 79-23.2 21.7 11.8 47.1 19.5 64 19.5 29.2 0 31.2-32 19.7-43.4-13.9-13.6-54.3-9.7-73.6-7.2zM377 105L279 7c-4.5-4.5-10.6-7-17-7h-6v128h128v-6.1c0-6.3-2.5-12.4-7-16.9zm-74.1 255.3c4.1-2.7-2.5-11.9-42.8-9 37.1 15.8 42.8 9 42.8 9z\"><\/path><\/svg>\t\t\t<\/span>\n\t\t\t\t\t\t\t\t\t<span class=\"elementor-button-text\">Ver PDF<\/span>\n\t\t\t\t\t<\/span>\n\t\t\t\t\t<\/a>\n\t\t\t\t<\/div>\n\t\t\t\t\t\t\t\t<\/div>\n\t\t\t\t<\/div>\n\t\t\t\t\t<\/div>\n\t\t\t\t<\/div>\n\t\t\t\t<\/div>\n\t\t","protected":false},"excerpt":{"rendered":"<p>ACCESORIOS DE AIRE ACONDICIONADO Y VENTILACI\u00d3N Conoce nuestras compuertas iris, nuestras tapas de inspecci\u00f3n en inox o galvanizadas y tambi\u00e9n para alta temperatura, nuestros amortiguadores y abrazaderas, o nuestros conductos flexibles o superflexibles. Todos estos accesorios de aire acondicionado y ventilaci\u00f3n est\u00e1n dise\u00f1ados para mejorar el rendimiento, seguridad y durabilidad de cualquier sistema de climatizaci\u00f3n. Conocemos de primera mano las necesidades de los instaladores, por lo que queremos facilitar todo el proceso con productos de calidad como nuestros amortiguadores, asegurando la estabilidad de unidades de ventilaci\u00f3n y aire acondicionado en proyectos residenciales, comerciales e industriales. La serie de amortiguadores AM consta de aisladores de resorte (componente absorbente de baja frecuencia), ideales para proteger equipos de vibraciones en instalaciones de aire acondicionado y ventilaci\u00f3n, especialmente en sistemas de gran tama\u00f1o o en entornos industriales. Los amortiguadores AM2 consisten en un sistema de 2 aisladores met\u00e1licos de resorte combinados en paralelo. La capacidad de carga variada que pueden soportar (de 170 Kg a 1100 Kg) los convierte en los m\u00e1s adecuados para aislar todo tipo de maquinaria con baja frecuencia (por debajo de 1.200 rpm), garantizando una correcta absorci\u00f3n de vibraciones y prolongando la vida \u00fatil del sistema de aire acondicionado y ventilaci\u00f3n. Al igual que los aisladores AM2, los modelos AM4 se combinan en paralelo. Esta posibilidad de combinar aisladores produce una amplia gama, de los cuales 13 modelos han sido estandarizados con diferencias entre ellos de solo 100 kg. Esto permite personalizar los accesorios de aire acondicionado y ventilaci\u00f3n seg\u00fan las necesidades espec\u00edficas de cada instalaci\u00f3n, optimizando rendimiento y seguridad. La serie MICRO AM4 consiste en un sistema de 4 aisladores combinados en paralelo. La capacidad de carga variada que pueden soportar (de 20 Kg a 500 Kg) los convierte en los m\u00e1s adecuados para aislar todo tipo de maquinaria con baja frecuencia (por debajo de 600 rpm). Su dise\u00f1o refuerza la absorci\u00f3n lateral, asegurando que todos los accesorios de aire acondicionado y ventilaci\u00f3n funcionen de manera eficiente y sin vibraciones da\u00f1inas. Instalaci\u00f3n de sistemas de ventilaci\u00f3n: Accesorios de climatizaci\u00f3n Todos nuestros accesorios de aire acondicionado y ventilaci\u00f3n est\u00e1n pensados para simplificar la instalaci\u00f3n, mejorar el rendimiento y garantizar la durabilidad de los sistemas, desde la fase de montaje hasta el mantenimiento rutinario. Ver PDF<\/p>\n","protected":false},"author":1,"featured_media":0,"parent":0,"menu_order":0,"comment_status":"closed","ping_status":"closed","template":"elementor_canvas","meta":{"footnotes":""},"class_list":["post-2002","page","type-page","status-publish","hentry"],"yoast_head":"<!-- This site is optimized with the Yoast SEO plugin v26.7 - https:\/\/yoast.com\/wordpress\/plugins\/seo\/ -->\n<title>Accesorios para Aire Acondicionado| Accesorios de Ventilaci\u00f3n | Wasser Levante<\/title>\n<meta name=\"description\" content=\"Accesorios para aire acondicionado a medida. Consigue una instalaci\u00f3n de climatizaci\u00f3n eficiente con nuestros accesorios de ventilaci\u00f3n. \u00a1Desc\u00fabrelos ahora!\" \/>\n<meta name=\"robots\" content=\"index, follow, max-snippet:-1, max-image-preview:large, max-video-preview:-1\" \/>\n<link rel=\"canonical\" href=\"https:\/\/wasserlevante.com\/index.php\/accesorios-instalaciones\/\" \/>\n<meta property=\"og:locale\" content=\"en_US\" \/>\n<meta property=\"og:type\" content=\"article\" \/>\n<meta property=\"og:title\" content=\"Accesorios para Aire Acondicionado| Accesorios de Ventilaci\u00f3n | Wasser Levante\" \/>\n<meta property=\"og:description\" content=\"Accesorios para aire acondicionado a medida. Consigue una instalaci\u00f3n de climatizaci\u00f3n eficiente con nuestros accesorios de ventilaci\u00f3n. \u00a1Desc\u00fabrelos ahora!\" \/>\n<meta property=\"og:url\" content=\"https:\/\/wasserlevante.com\/index.php\/accesorios-instalaciones\/\" \/>\n<meta property=\"og:site_name\" content=\"Wasser Levante\" \/>\n<meta property=\"article:modified_time\" content=\"2026-02-04T08:30:26+00:00\" \/>\n<meta name=\"twitter:card\" content=\"summary_large_image\" \/>\n<meta name=\"twitter:label1\" content=\"Est. reading time\" \/>\n\t<meta name=\"twitter:data1\" content=\"2 minutes\" \/>\n<script type=\"application\/ld+json\" class=\"yoast-schema-graph\">{\"@context\":\"https:\/\/schema.org\",\"@graph\":[{\"@type\":\"WebPage\",\"@id\":\"https:\/\/wasserlevante.com\/index.php\/accesorios-instalaciones\/\",\"url\":\"https:\/\/wasserlevante.com\/index.php\/accesorios-instalaciones\/\",\"name\":\"Accesorios para Aire Acondicionado| Accesorios de Ventilaci\u00f3n | Wasser Levante\",\"isPartOf\":{\"@id\":\"https:\/\/wasserlevante.com\/#website\"},\"datePublished\":\"2025-12-16T14:29:05+00:00\",\"dateModified\":\"2026-02-04T08:30:26+00:00\",\"description\":\"Accesorios para aire acondicionado a medida. Consigue una instalaci\u00f3n de climatizaci\u00f3n eficiente con nuestros accesorios de ventilaci\u00f3n. \u00a1Desc\u00fabrelos ahora!\",\"breadcrumb\":{\"@id\":\"https:\/\/wasserlevante.com\/index.php\/accesorios-instalaciones\/#breadcrumb\"},\"inLanguage\":\"en-US\",\"potentialAction\":[{\"@type\":\"ReadAction\",\"target\":[\"https:\/\/wasserlevante.com\/index.php\/accesorios-instalaciones\/\"]}]},{\"@type\":\"BreadcrumbList\",\"@id\":\"https:\/\/wasserlevante.com\/index.php\/accesorios-instalaciones\/#breadcrumb\",\"itemListElement\":[{\"@type\":\"ListItem\",\"position\":1,\"name\":\"Portada\",\"item\":\"https:\/\/wasserlevante.com\/\"},{\"@type\":\"ListItem\",\"position\":2,\"name\":\"ACCESORIOS INSTALACIONES\"}]},{\"@type\":\"WebSite\",\"@id\":\"https:\/\/wasserlevante.com\/#website\",\"url\":\"https:\/\/wasserlevante.com\/\",\"name\":\"Wasser Levante\",\"description\":\"Empresa especializada en climatizaci\u00f3n y mantenimientos industriales\",\"potentialAction\":[{\"@type\":\"SearchAction\",\"target\":{\"@type\":\"EntryPoint\",\"urlTemplate\":\"https:\/\/wasserlevante.com\/?s={search_term_string}\"},\"query-input\":{\"@type\":\"PropertyValueSpecification\",\"valueRequired\":true,\"valueName\":\"search_term_string\"}}],\"inLanguage\":\"en-US\"}]}<\/script>\n<!-- \/ Yoast SEO plugin. -->","yoast_head_json":{"title":"Accesorios para Aire Acondicionado| Accesorios de Ventilaci\u00f3n | Wasser Levante","description":"Accesorios para aire acondicionado a medida. Consigue una instalaci\u00f3n de climatizaci\u00f3n eficiente con nuestros accesorios de ventilaci\u00f3n. \u00a1Desc\u00fabrelos ahora!","robots":{"index":"index","follow":"follow","max-snippet":"max-snippet:-1","max-image-preview":"max-image-preview:large","max-video-preview":"max-video-preview:-1"},"canonical":"https:\/\/wasserlevante.com\/index.php\/accesorios-instalaciones\/","og_locale":"en_US","og_type":"article","og_title":"Accesorios para Aire Acondicionado| Accesorios de Ventilaci\u00f3n | Wasser Levante","og_description":"Accesorios para aire acondicionado a medida. Consigue una instalaci\u00f3n de climatizaci\u00f3n eficiente con nuestros accesorios de ventilaci\u00f3n. \u00a1Desc\u00fabrelos ahora!","og_url":"https:\/\/wasserlevante.com\/index.php\/accesorios-instalaciones\/","og_site_name":"Wasser Levante","article_modified_time":"2026-02-04T08:30:26+00:00","twitter_card":"summary_large_image","twitter_misc":{"Est. reading time":"2 minutes"},"schema":{"@context":"https:\/\/schema.org","@graph":[{"@type":"WebPage","@id":"https:\/\/wasserlevante.com\/index.php\/accesorios-instalaciones\/","url":"https:\/\/wasserlevante.com\/index.php\/accesorios-instalaciones\/","name":"Accesorios para Aire Acondicionado| Accesorios de Ventilaci\u00f3n | Wasser Levante","isPartOf":{"@id":"https:\/\/wasserlevante.com\/#website"},"datePublished":"2025-12-16T14:29:05+00:00","dateModified":"2026-02-04T08:30:26+00:00","description":"Accesorios para aire acondicionado a medida. Consigue una instalaci\u00f3n de climatizaci\u00f3n eficiente con nuestros accesorios de ventilaci\u00f3n. \u00a1Desc\u00fabrelos ahora!","breadcrumb":{"@id":"https:\/\/wasserlevante.com\/index.php\/accesorios-instalaciones\/#breadcrumb"},"inLanguage":"en-US","potentialAction":[{"@type":"ReadAction","target":["https:\/\/wasserlevante.com\/index.php\/accesorios-instalaciones\/"]}]},{"@type":"BreadcrumbList","@id":"https:\/\/wasserlevante.com\/index.php\/accesorios-instalaciones\/#breadcrumb","itemListElement":[{"@type":"ListItem","position":1,"name":"Portada","item":"https:\/\/wasserlevante.com\/"},{"@type":"ListItem","position":2,"name":"ACCESORIOS INSTALACIONES"}]},{"@type":"WebSite","@id":"https:\/\/wasserlevante.com\/#website","url":"https:\/\/wasserlevante.com\/","name":"Wasser Levante","description":"Empresa especializada en climatizaci\u00f3n y mantenimientos industriales","potentialAction":[{"@type":"SearchAction","target":{"@type":"EntryPoint","urlTemplate":"https:\/\/wasserlevante.com\/?s={search_term_string}"},"query-input":{"@type":"PropertyValueSpecification","valueRequired":true,"valueName":"search_term_string"}}],"inLanguage":"en-US"}]}},"_links":{"self":[{"href":"https:\/\/wasserlevante.com\/index.php\/wp-json\/wp\/v2\/pages\/2002","targetHints":{"allow":["GET"]}}],"collection":[{"href":"https:\/\/wasserlevante.com\/index.php\/wp-json\/wp\/v2\/pages"}],"about":[{"href":"https:\/\/wasserlevante.com\/index.php\/wp-json\/wp\/v2\/types\/page"}],"author":[{"embeddable":true,"href":"https:\/\/wasserlevante.com\/index.php\/wp-json\/wp\/v2\/users\/1"}],"replies":[{"embeddable":true,"href":"https:\/\/wasserlevante.com\/index.php\/wp-json\/wp\/v2\/comments?post=2002"}],"version-history":[{"count":25,"href":"https:\/\/wasserlevante.com\/index.php\/wp-json\/wp\/v2\/pages\/2002\/revisions"}],"predecessor-version":[{"id":2333,"href":"https:\/\/wasserlevante.com\/index.php\/wp-json\/wp\/v2\/pages\/2002\/revisions\/2333"}],"wp:attachment":[{"href":"https:\/\/wasserlevante.com\/index.php\/wp-json\/wp\/v2\/media?parent=2002"}],"curies":[{"name":"wp","href":"https:\/\/api.w.org\/{rel}","templated":true}]}}