{"id":2009,"date":"2025-12-16T15:31:11","date_gmt":"2025-12-16T14:31:11","guid":{"rendered":"https:\/\/wasserlevante.com\/?page_id=2009"},"modified":"2026-01-15T16:21:47","modified_gmt":"2026-01-15T15:21:47","slug":"aerotermia","status":"publish","type":"page","link":"https:\/\/wasserlevante.com\/index.php\/aerotermia\/","title":{"rendered":"AEROTERMIA"},"content":{"rendered":"\t\t<div data-elementor-type=\"wp-page\" data-elementor-id=\"2009\" class=\"elementor elementor-2009\">\n\t\t\t\t\t\t<section class=\"elementor-section elementor-top-section elementor-element elementor-element-02d82e7 elementor-section-height-min-height elementor-section-boxed elementor-section-height-default elementor-section-items-middle wpr-particle-no wpr-jarallax-no wpr-parallax-no wpr-sticky-section-no\" data-id=\"02d82e7\" data-element_type=\"section\" data-settings=\"{&quot;background_background&quot;:&quot;classic&quot;}\">\n\t\t\t\t\t\t\t<div class=\"elementor-background-overlay\"><\/div>\n\t\t\t\t\t\t\t<div class=\"elementor-container elementor-column-gap-default\">\n\t\t\t\t\t<div class=\"elementor-column elementor-col-100 elementor-top-column elementor-element elementor-element-d6052bc\" data-id=\"d6052bc\" data-element_type=\"column\">\n\t\t\t<div class=\"elementor-widget-wrap elementor-element-populated\">\n\t\t\t\t\t\t<div class=\"elementor-element elementor-element-26457be elementor-widget elementor-widget-heading\" data-id=\"26457be\" data-element_type=\"widget\" data-widget_type=\"heading.default\">\n\t\t\t\t<div class=\"elementor-widget-container\">\n\t\t\t\t\t<h2 class=\"elementor-heading-title elementor-size-default\">Aerotermia Industrial: Soluciones de Climatizaci\u00f3n y Eficiencia Energ\u00e9tica<\/h2>\t\t\t\t<\/div>\n\t\t\t\t<\/div>\n\t\t\t\t<div class=\"elementor-element elementor-element-3fe4cb9 elementor-widget elementor-widget-text-editor\" data-id=\"3fe4cb9\" data-element_type=\"widget\" data-widget_type=\"text-editor.default\">\n\t\t\t\t<div class=\"elementor-widget-container\">\n\t\t\t\t\t\t\t\t\t<p>La aerotermia industrial representa una de las soluciones m\u00e1s eficientes y sostenibles para la producci\u00f3n de calor, fr\u00edo y agua caliente sanitaria en entornos profesionales y procesos productivos. En Wasser Levante somos especialistas en el dise\u00f1o, suministro e implementaci\u00f3n de sistemas de aerotermia de alto rendimiento, adaptados tanto a grandes instalaciones como a proyectos t\u00e9cnicos complejos.<\/p><p>Tenemos todos los productos necesarios para tu instalaci\u00f3n de aerotermia, dep\u00f3sitos para ACS o procesos industriales, interacumuladores con o sin serpent\u00edn, intercambiadores de placas, reparaci\u00f3n de dep\u00f3sitos.<br \/>\u00a0Nuestra gama de equipos est\u00e1 dise\u00f1ada para garantizar un aprovechamiento \u00f3ptimo de la energ\u00eda t\u00e9rmica, permitiendo reducir el consumo el\u00e9ctrico y las emisiones de CO\u2082, cumpliendo con los m\u00e1s exigentes est\u00e1ndares de eficiencia energ\u00e9tica.<\/p>\t\t\t\t\t\t\t\t<\/div>\n\t\t\t\t<\/div>\n\t\t\t\t\t<\/div>\n\t\t<\/div>\n\t\t\t\t\t<\/div>\n\t\t<\/section>\n\t\t<div class=\"elementor-element elementor-element-f220d6 e-flex e-con-boxed wpr-particle-no wpr-jarallax-no wpr-parallax-no wpr-sticky-section-no e-con e-parent\" data-id=\"f220d6\" data-element_type=\"container\">\n\t\t\t\t\t<div class=\"e-con-inner\">\n\t\t\t\t<div class=\"elementor-element elementor-element-256af7bb elementor-widget elementor-widget-text-editor\" data-id=\"256af7bb\" data-element_type=\"widget\" data-widget_type=\"text-editor.default\">\n\t\t\t\t<div class=\"elementor-widget-container\">\n\t\t\t\t\t\t\t\t\t<p>Ofrecemos una extensa variedad de soluciones est\u00e1ndar, incluyendo acumuladores, interacumuladores, intercambiadores de placas, dep\u00f3sitos de inercia, intercambiadores tubulares, accesorios y m\u00e1s.<br \/>\u00a0Todos nuestros productos est\u00e1n preparados para integrarse en sistemas de aerotermia industrial y en proyectos de instalaci\u00f3n de aerotermia para edificios, naves industriales, centros log\u00edsticos, hoteles y procesos productivos que requieren un suministro t\u00e9rmico continuo y fiable.<\/p><h2><strong>Instalaci\u00f3n de Sistemas de Aerotermia en Proyectos Industriales<\/strong><\/h2><p>Nuestro departamento t\u00e9cnico est\u00e1 a su disposici\u00f3n para asesorarle sobre la mejor opci\u00f3n para resolver sus necesidades de producci\u00f3n y acumulaci\u00f3n de agua caliente, adem\u00e1s de intercambio t\u00e9rmico.<br \/>\u00a0Analizamos cada proyecto de instalaci\u00f3n de aerotermia de forma personalizada, teniendo en cuenta la demanda t\u00e9rmica, el tipo de uso, el espacio disponible y la optimizaci\u00f3n del rendimiento de la bomba de calor aerot\u00e9rmica, para ofrecer soluciones realmente eficientes y rentables.<\/p><p>Adem\u00e1s de nuestros aparatos est\u00e1ndar, fabricamos dep\u00f3sitos acumuladores, interacumuladores, dep\u00f3sitos de inercia e intercambiadores tubulares de medidas y\/o capacidades especiales.<br \/>\u00a0Esta capacidad de fabricaci\u00f3n a medida nos permite desarrollar sistemas de aerotermia industrial completamente adaptados a los requisitos t\u00e9cnicos de cada cliente, garantizando una integraci\u00f3n perfecta con la instalaci\u00f3n de aerotermia existente o con nuevos proyectos energ\u00e9ticos.<\/p><p>Adaptamos su construcci\u00f3n a las especificaciones de nuestros clientes y a las necesidades de las instalaciones.<br \/>\u00a0Utilizamos materiales de alta resistencia y tecnolog\u00eda de \u00faltima generaci\u00f3n para asegurar la m\u00e1xima durabilidad, eficiencia t\u00e9rmica y compatibilidad con sistemas de aerotermia de alto rendimiento.<\/p><p>Para proyectos con montaje en ubicaciones complejas, como cuartos de caldera de dif\u00edcil acceso, nuestro equipo especializado se encargar\u00e1 de la fabricaci\u00f3n y montaje directamente en el lugar de instalaci\u00f3n, asegurando un resultado eficiente y profesional.<br \/>\u00a0Este servicio es especialmente valorado en proyectos de aerotermia industrial, donde la log\u00edstica, el espacio y la precisi\u00f3n t\u00e9cnica son factores clave para el \u00e9xito de la instalaci\u00f3n de aerotermia y su correcto funcionamiento a largo plazo.<\/p><p>Con Wasser Levante, la aerotermia se convierte en una inversi\u00f3n estrat\u00e9gica para reducir costes energ\u00e9ticos, mejorar la sostenibilidad de las instalaciones y garantizar un suministro t\u00e9rmico fiable, eficiente y adaptado a las necesidades reales de cada proyecto.<\/p><p><!-- \/wp:paragraph --><\/p>\t\t\t\t\t\t\t\t<\/div>\n\t\t\t\t<\/div>\n\t\t\t\t\t<\/div>\n\t\t\t\t<\/div>\n\t\t\t\t<section class=\"elementor-section elementor-top-section elementor-element elementor-element-46b4d98 elementor-section-boxed elementor-section-height-default elementor-section-height-default wpr-particle-no wpr-jarallax-no wpr-parallax-no wpr-sticky-section-no\" data-id=\"46b4d98\" data-element_type=\"section\">\n\t\t\t\t\t\t<div class=\"elementor-container elementor-column-gap-default\">\n\t\t\t\t\t<div class=\"elementor-column elementor-col-100 elementor-top-column elementor-element elementor-element-ea4ddca\" data-id=\"ea4ddca\" data-element_type=\"column\">\n\t\t\t<div class=\"elementor-widget-wrap elementor-element-populated\">\n\t\t\t\t\t\t<section class=\"elementor-section elementor-inner-section elementor-element elementor-element-a7428ba elementor-section-boxed elementor-section-height-default elementor-section-height-default wpr-particle-no wpr-jarallax-no wpr-parallax-no wpr-sticky-section-no\" data-id=\"a7428ba\" data-element_type=\"section\">\n\t\t\t\t\t\t<div class=\"elementor-container elementor-column-gap-default\">\n\t\t\t\t\t<div class=\"elementor-column elementor-col-33 elementor-inner-column elementor-element elementor-element-4c777e0\" data-id=\"4c777e0\" data-element_type=\"column\">\n\t\t\t<div class=\"elementor-widget-wrap elementor-element-populated\">\n\t\t\t\t\t\t<div class=\"elementor-element elementor-element-483dd3d wpr-promo-box-style-cover elementor-widget elementor-widget-wpr-promo-box\" data-id=\"483dd3d\" data-element_type=\"widget\" data-widget_type=\"wpr-promo-box.default\">\n\t\t\t\t<div class=\"elementor-widget-container\">\n\t\t\t\t\t\n\t\t<div class=\"wpr-promo-box wpr-animation-wrap\">\n\n\t\t\t\t\t\t\t\n\t\t\t\t\t\t\t<div class=\"wpr-promo-box-image\">\n\t\t\t\t\t<div class=\"wpr-promo-box-bg-image wpr-bg-anim-zoom-in wpr-anim-timing-ease-default\" style=\"background-image:url(https:\/\/wasserlevante.com\/wp-content\/plugins\/elementor\/assets\/images\/placeholder.png);\"><\/div>\n\t\t\t\t\t<div class=\"wpr-promo-box-bg-overlay wpr-border-anim-oscar\"><\/div>\n\t\t\t\t<\/div>\n\t\t\t\t\t\t\n\t\t\t<div class=\"wpr-promo-box-content\">\n\n\t\t\t\t\n\t\t\t\t<h3 class=\"wpr-promo-box-title\"><span>SUICALSA<\/span><\/h3>\n\t\t\t\t\n\t\t\t\t\t\t\t\t\t<div class=\"wpr-promo-box-btn-wrap\">\n\t\t\t\t\t\t<a class=\"wpr-promo-box-btn\" href=\"https:\/\/wasserlevante.com\/wp-content\/uploads\/2024\/01\/Tarifa_2023_1.pdf\" target=\"_blank\">\n\n\t\t\t\t\t\t\t\t\t\t\t\t\t\t<span class=\"wpr-promo-box-btn-text\">VER PDF<\/span>\t\t\n\t\t\t\t\t\t\t\n\t\t\t\t\t\t\t\t\t\t\t\t\t\t<span class=\"wpr-promo-box-btn-icon\">\n\t\t\t\t\t\t\t\t<i class=\"fas fa-file-pdf\"><\/i>\n\t\t\t\t\t\t\t<\/span>\n\t\t\t\t\t\t\t\t\t\t\t\t\t<\/a>\n\t\t\t\t\t<\/div>\t\n\t\t\t\t\t\t\t<\/div>\n\n\t\t\t\t\t<\/div>\n\n\t\t\t\t\t\t<\/div>\n\t\t\t\t<\/div>\n\t\t\t\t\t<\/div>\n\t\t<\/div>\n\t\t\t\t<div class=\"elementor-column elementor-col-33 elementor-inner-column elementor-element elementor-element-ded8fb2\" data-id=\"ded8fb2\" data-element_type=\"column\">\n\t\t\t<div class=\"elementor-widget-wrap elementor-element-populated\">\n\t\t\t\t\t\t<div class=\"elementor-element elementor-element-b264390 wpr-promo-box-style-cover elementor-widget elementor-widget-wpr-promo-box\" data-id=\"b264390\" data-element_type=\"widget\" data-widget_type=\"wpr-promo-box.default\">\n\t\t\t\t<div class=\"elementor-widget-container\">\n\t\t\t\t\t\n\t\t<div class=\"wpr-promo-box wpr-animation-wrap\">\n\n\t\t\t\t\t\t\t\n\t\t\t\t\t\t\t<div class=\"wpr-promo-box-image\">\n\t\t\t\t\t<div class=\"wpr-promo-box-bg-image wpr-bg-anim-zoom-in wpr-anim-timing-ease-default\" style=\"background-image:url(https:\/\/wasserlevante.com\/wp-content\/plugins\/elementor\/assets\/images\/placeholder.png);\"><\/div>\n\t\t\t\t\t<div class=\"wpr-promo-box-bg-overlay wpr-border-anim-oscar\"><\/div>\n\t\t\t\t<\/div>\n\t\t\t\t\t\t\n\t\t\t<div class=\"wpr-promo-box-content\">\n\n\t\t\t\t\n\t\t\t\t<h3 class=\"wpr-promo-box-title\"><span>MCL SYSTEM<\/span><\/h3>\n\t\t\t\t\n\t\t\t\t\t\t\t\t\t<div class=\"wpr-promo-box-btn-wrap\">\n\t\t\t\t\t\t<a class=\"wpr-promo-box-btn\" href=\"https:\/\/wasserlevante.com\/wp-content\/uploads\/2024\/01\/CATALOGO_MCL_WEB.pdf\" target=\"_blank\">\n\n\t\t\t\t\t\t\t\t\t\t\t\t\t\t<span class=\"wpr-promo-box-btn-text\">VER PDF<\/span>\t\t\n\t\t\t\t\t\t\t\n\t\t\t\t\t\t\t\t\t\t\t\t\t\t<span class=\"wpr-promo-box-btn-icon\">\n\t\t\t\t\t\t\t\t<i class=\"fas fa-file-pdf\"><\/i>\n\t\t\t\t\t\t\t<\/span>\n\t\t\t\t\t\t\t\t\t\t\t\t\t<\/a>\n\t\t\t\t\t<\/div>\t\n\t\t\t\t\t\t\t<\/div>\n\n\t\t\t\t\t<\/div>\n\n\t\t\t\t\t\t<\/div>\n\t\t\t\t<\/div>\n\t\t\t\t\t<\/div>\n\t\t<\/div>\n\t\t\t\t<div class=\"elementor-column elementor-col-33 elementor-inner-column elementor-element elementor-element-abe2e71\" data-id=\"abe2e71\" data-element_type=\"column\">\n\t\t\t<div class=\"elementor-widget-wrap elementor-element-populated\">\n\t\t\t\t\t\t<div class=\"elementor-element elementor-element-d4f87e1 wpr-promo-box-style-cover elementor-widget elementor-widget-wpr-promo-box\" data-id=\"d4f87e1\" data-element_type=\"widget\" data-widget_type=\"wpr-promo-box.default\">\n\t\t\t\t<div class=\"elementor-widget-container\">\n\t\t\t\t\t\n\t\t<div class=\"wpr-promo-box wpr-animation-wrap\">\n\n\t\t\t\t\t\t\t\n\t\t\t\t\t\t\t<div class=\"wpr-promo-box-image\">\n\t\t\t\t\t<div class=\"wpr-promo-box-bg-image wpr-bg-anim-zoom-in wpr-anim-timing-ease-default\" style=\"background-image:url(https:\/\/wasserlevante.com\/wp-content\/plugins\/elementor\/assets\/images\/placeholder.png);\"><\/div>\n\t\t\t\t\t<div class=\"wpr-promo-box-bg-overlay wpr-border-anim-oscar\"><\/div>\n\t\t\t\t<\/div>\n\t\t\t\t\t\t\n\t\t\t<div class=\"wpr-promo-box-content\">\n\n\t\t\t\t\n\t\t\t\t<h3 class=\"wpr-promo-box-title\"><span>MECALIA<\/span><\/h3>\n\t\t\t\t\n\t\t\t\t\t\t\t\t\t<div class=\"wpr-promo-box-btn-wrap\">\n\t\t\t\t\t\t<a class=\"wpr-promo-box-btn\" href=\"https:\/\/wasserlevante.com\/wp-content\/uploads\/2024\/01\/CATALOGO_GENERAL_MECALIA_NOVIEMBRE_2023.pdf\" target=\"_blank\">\n\n\t\t\t\t\t\t\t\t\t\t\t\t\t\t<span class=\"wpr-promo-box-btn-text\">VER PDF<\/span>\t\t\n\t\t\t\t\t\t\t\n\t\t\t\t\t\t\t\t\t\t\t\t\t\t<span class=\"wpr-promo-box-btn-icon\">\n\t\t\t\t\t\t\t\t<i class=\"fas fa-file-pdf\"><\/i>\n\t\t\t\t\t\t\t<\/span>\n\t\t\t\t\t\t\t\t\t\t\t\t\t<\/a>\n\t\t\t\t\t<\/div>\t\n\t\t\t\t\t\t\t<\/div>\n\n\t\t\t\t\t<\/div>\n\n\t\t\t\t\t\t<\/div>\n\t\t\t\t<\/div>\n\t\t\t\t\t<\/div>\n\t\t<\/div>\n\t\t\t\t\t<\/div>\n\t\t<\/section>\n\t\t\t\t\t<\/div>\n\t\t<\/div>\n\t\t\t\t\t<\/div>\n\t\t<\/section>\n\t\t\t\t<\/div>\n\t\t","protected":false},"excerpt":{"rendered":"<p>Aerotermia Industrial: Soluciones de Climatizaci\u00f3n y Eficiencia Energ\u00e9tica La aerotermia industrial representa una de las soluciones m\u00e1s eficientes y sostenibles para la producci\u00f3n de calor, fr\u00edo y agua caliente sanitaria en entornos profesionales y procesos productivos. En Wasser Levante somos especialistas en el dise\u00f1o, suministro e implementaci\u00f3n de sistemas de aerotermia de alto rendimiento, adaptados tanto a grandes instalaciones como a proyectos t\u00e9cnicos complejos. Tenemos todos los productos necesarios para tu instalaci\u00f3n de aerotermia, dep\u00f3sitos para ACS o procesos industriales, interacumuladores con o sin serpent\u00edn, intercambiadores de placas, reparaci\u00f3n de dep\u00f3sitos.\u00a0Nuestra gama de equipos est\u00e1 dise\u00f1ada para garantizar un aprovechamiento \u00f3ptimo de la energ\u00eda t\u00e9rmica, permitiendo reducir el consumo el\u00e9ctrico y las emisiones de CO\u2082, cumpliendo con los m\u00e1s exigentes est\u00e1ndares de eficiencia energ\u00e9tica. Ofrecemos una extensa variedad de soluciones est\u00e1ndar, incluyendo acumuladores, interacumuladores, intercambiadores de placas, dep\u00f3sitos de inercia, intercambiadores tubulares, accesorios y m\u00e1s.\u00a0Todos nuestros productos est\u00e1n preparados para integrarse en sistemas de aerotermia industrial y en proyectos de instalaci\u00f3n de aerotermia para edificios, naves industriales, centros log\u00edsticos, hoteles y procesos productivos que requieren un suministro t\u00e9rmico continuo y fiable. Instalaci\u00f3n de Sistemas de Aerotermia en Proyectos Industriales Nuestro departamento t\u00e9cnico est\u00e1 a su disposici\u00f3n para asesorarle sobre la mejor opci\u00f3n para resolver sus necesidades de producci\u00f3n y acumulaci\u00f3n de agua caliente, adem\u00e1s de intercambio t\u00e9rmico.\u00a0Analizamos cada proyecto de instalaci\u00f3n de aerotermia de forma personalizada, teniendo en cuenta la demanda t\u00e9rmica, el tipo de uso, el espacio disponible y la optimizaci\u00f3n del rendimiento de la bomba de calor aerot\u00e9rmica, para ofrecer soluciones realmente eficientes y rentables. Adem\u00e1s de nuestros aparatos est\u00e1ndar, fabricamos dep\u00f3sitos acumuladores, interacumuladores, dep\u00f3sitos de inercia e intercambiadores tubulares de medidas y\/o capacidades especiales.\u00a0Esta capacidad de fabricaci\u00f3n a medida nos permite desarrollar sistemas de aerotermia industrial completamente adaptados a los requisitos t\u00e9cnicos de cada cliente, garantizando una integraci\u00f3n perfecta con la instalaci\u00f3n de aerotermia existente o con nuevos proyectos energ\u00e9ticos. Adaptamos su construcci\u00f3n a las especificaciones de nuestros clientes y a las necesidades de las instalaciones.\u00a0Utilizamos materiales de alta resistencia y tecnolog\u00eda de \u00faltima generaci\u00f3n para asegurar la m\u00e1xima durabilidad, eficiencia t\u00e9rmica y compatibilidad con sistemas de aerotermia de alto rendimiento. Para proyectos con montaje en ubicaciones complejas, como cuartos de caldera de dif\u00edcil acceso, nuestro equipo especializado se encargar\u00e1 de la fabricaci\u00f3n y montaje directamente en el lugar de instalaci\u00f3n, asegurando un resultado eficiente y profesional.\u00a0Este servicio es especialmente valorado en proyectos de aerotermia industrial, donde la log\u00edstica, el espacio y la precisi\u00f3n t\u00e9cnica son factores clave para el \u00e9xito de la instalaci\u00f3n de aerotermia y su correcto funcionamiento a largo plazo. Con Wasser Levante, la aerotermia se convierte en una inversi\u00f3n estrat\u00e9gica para reducir costes energ\u00e9ticos, mejorar la sostenibilidad de las instalaciones y garantizar un suministro t\u00e9rmico fiable, eficiente y adaptado a las necesidades reales de cada proyecto. SUICALSA VER PDF MCL SYSTEM VER PDF MECALIA VER PDF<\/p>\n","protected":false},"author":1,"featured_media":0,"parent":0,"menu_order":0,"comment_status":"closed","ping_status":"closed","template":"elementor_canvas","meta":{"footnotes":""},"class_list":["post-2009","page","type-page","status-publish","hentry"],"yoast_head":"<!-- This site is optimized with the Yoast SEO plugin v26.7 - https:\/\/yoast.com\/wordpress\/plugins\/seo\/ -->\n<title>Instalaci\u00f3n de Aerotermia | Aerotermia Industrial | Wasser levante<\/title>\n<meta name=\"description\" content=\"Instalaci\u00f3n de aerotermia para tu negocio. Soluciones de aerotermia industrial con interacumuladores y sistemas eficientes. Solicita asesoramiento. \u00a1Ll\u00e1manos!\" \/>\n<meta name=\"robots\" content=\"index, follow, max-snippet:-1, max-image-preview:large, max-video-preview:-1\" \/>\n<link rel=\"canonical\" href=\"https:\/\/wasserlevante.com\/index.php\/aerotermia\/\" \/>\n<meta property=\"og:locale\" content=\"en_US\" \/>\n<meta property=\"og:type\" content=\"article\" \/>\n<meta property=\"og:title\" content=\"Instalaci\u00f3n de Aerotermia | Aerotermia Industrial | Wasser levante\" \/>\n<meta property=\"og:description\" content=\"Instalaci\u00f3n de aerotermia para tu negocio. Soluciones de aerotermia industrial con interacumuladores y sistemas eficientes. Solicita asesoramiento. \u00a1Ll\u00e1manos!\" \/>\n<meta property=\"og:url\" content=\"https:\/\/wasserlevante.com\/index.php\/aerotermia\/\" \/>\n<meta property=\"og:site_name\" content=\"Wasser Levante\" \/>\n<meta property=\"article:modified_time\" content=\"2026-01-15T15:21:47+00:00\" \/>\n<meta name=\"twitter:card\" content=\"summary_large_image\" \/>\n<meta name=\"twitter:label1\" content=\"Est. reading time\" \/>\n\t<meta name=\"twitter:data1\" content=\"3 minutes\" \/>\n<script type=\"application\/ld+json\" class=\"yoast-schema-graph\">{\"@context\":\"https:\/\/schema.org\",\"@graph\":[{\"@type\":\"WebPage\",\"@id\":\"https:\/\/wasserlevante.com\/index.php\/aerotermia\/\",\"url\":\"https:\/\/wasserlevante.com\/index.php\/aerotermia\/\",\"name\":\"Instalaci\u00f3n de Aerotermia | Aerotermia Industrial | Wasser levante\",\"isPartOf\":{\"@id\":\"https:\/\/wasserlevante.com\/#website\"},\"datePublished\":\"2025-12-16T14:31:11+00:00\",\"dateModified\":\"2026-01-15T15:21:47+00:00\",\"description\":\"Instalaci\u00f3n de aerotermia para tu negocio. Soluciones de aerotermia industrial con interacumuladores y sistemas eficientes. Solicita asesoramiento. \u00a1Ll\u00e1manos!\",\"breadcrumb\":{\"@id\":\"https:\/\/wasserlevante.com\/index.php\/aerotermia\/#breadcrumb\"},\"inLanguage\":\"en-US\",\"potentialAction\":[{\"@type\":\"ReadAction\",\"target\":[\"https:\/\/wasserlevante.com\/index.php\/aerotermia\/\"]}]},{\"@type\":\"BreadcrumbList\",\"@id\":\"https:\/\/wasserlevante.com\/index.php\/aerotermia\/#breadcrumb\",\"itemListElement\":[{\"@type\":\"ListItem\",\"position\":1,\"name\":\"Portada\",\"item\":\"https:\/\/wasserlevante.com\/\"},{\"@type\":\"ListItem\",\"position\":2,\"name\":\"AEROTERMIA\"}]},{\"@type\":\"WebSite\",\"@id\":\"https:\/\/wasserlevante.com\/#website\",\"url\":\"https:\/\/wasserlevante.com\/\",\"name\":\"Wasser Levante\",\"description\":\"Empresa especializada en climatizaci\u00f3n y mantenimientos industriales\",\"potentialAction\":[{\"@type\":\"SearchAction\",\"target\":{\"@type\":\"EntryPoint\",\"urlTemplate\":\"https:\/\/wasserlevante.com\/?s={search_term_string}\"},\"query-input\":{\"@type\":\"PropertyValueSpecification\",\"valueRequired\":true,\"valueName\":\"search_term_string\"}}],\"inLanguage\":\"en-US\"}]}<\/script>\n<!-- \/ Yoast SEO plugin. -->","yoast_head_json":{"title":"Instalaci\u00f3n de Aerotermia | Aerotermia Industrial | Wasser levante","description":"Instalaci\u00f3n de aerotermia para tu negocio. Soluciones de aerotermia industrial con interacumuladores y sistemas eficientes. Solicita asesoramiento. \u00a1Ll\u00e1manos!","robots":{"index":"index","follow":"follow","max-snippet":"max-snippet:-1","max-image-preview":"max-image-preview:large","max-video-preview":"max-video-preview:-1"},"canonical":"https:\/\/wasserlevante.com\/index.php\/aerotermia\/","og_locale":"en_US","og_type":"article","og_title":"Instalaci\u00f3n de Aerotermia | Aerotermia Industrial | Wasser levante","og_description":"Instalaci\u00f3n de aerotermia para tu negocio. Soluciones de aerotermia industrial con interacumuladores y sistemas eficientes. Solicita asesoramiento. \u00a1Ll\u00e1manos!","og_url":"https:\/\/wasserlevante.com\/index.php\/aerotermia\/","og_site_name":"Wasser Levante","article_modified_time":"2026-01-15T15:21:47+00:00","twitter_card":"summary_large_image","twitter_misc":{"Est. reading time":"3 minutes"},"schema":{"@context":"https:\/\/schema.org","@graph":[{"@type":"WebPage","@id":"https:\/\/wasserlevante.com\/index.php\/aerotermia\/","url":"https:\/\/wasserlevante.com\/index.php\/aerotermia\/","name":"Instalaci\u00f3n de Aerotermia | Aerotermia Industrial | Wasser levante","isPartOf":{"@id":"https:\/\/wasserlevante.com\/#website"},"datePublished":"2025-12-16T14:31:11+00:00","dateModified":"2026-01-15T15:21:47+00:00","description":"Instalaci\u00f3n de aerotermia para tu negocio. Soluciones de aerotermia industrial con interacumuladores y sistemas eficientes. Solicita asesoramiento. \u00a1Ll\u00e1manos!","breadcrumb":{"@id":"https:\/\/wasserlevante.com\/index.php\/aerotermia\/#breadcrumb"},"inLanguage":"en-US","potentialAction":[{"@type":"ReadAction","target":["https:\/\/wasserlevante.com\/index.php\/aerotermia\/"]}]},{"@type":"BreadcrumbList","@id":"https:\/\/wasserlevante.com\/index.php\/aerotermia\/#breadcrumb","itemListElement":[{"@type":"ListItem","position":1,"name":"Portada","item":"https:\/\/wasserlevante.com\/"},{"@type":"ListItem","position":2,"name":"AEROTERMIA"}]},{"@type":"WebSite","@id":"https:\/\/wasserlevante.com\/#website","url":"https:\/\/wasserlevante.com\/","name":"Wasser Levante","description":"Empresa especializada en climatizaci\u00f3n y mantenimientos industriales","potentialAction":[{"@type":"SearchAction","target":{"@type":"EntryPoint","urlTemplate":"https:\/\/wasserlevante.com\/?s={search_term_string}"},"query-input":{"@type":"PropertyValueSpecification","valueRequired":true,"valueName":"search_term_string"}}],"inLanguage":"en-US"}]}},"_links":{"self":[{"href":"https:\/\/wasserlevante.com\/index.php\/wp-json\/wp\/v2\/pages\/2009","targetHints":{"allow":["GET"]}}],"collection":[{"href":"https:\/\/wasserlevante.com\/index.php\/wp-json\/wp\/v2\/pages"}],"about":[{"href":"https:\/\/wasserlevante.com\/index.php\/wp-json\/wp\/v2\/types\/page"}],"author":[{"embeddable":true,"href":"https:\/\/wasserlevante.com\/index.php\/wp-json\/wp\/v2\/users\/1"}],"replies":[{"embeddable":true,"href":"https:\/\/wasserlevante.com\/index.php\/wp-json\/wp\/v2\/comments?post=2009"}],"version-history":[{"count":30,"href":"https:\/\/wasserlevante.com\/index.php\/wp-json\/wp\/v2\/pages\/2009\/revisions"}],"predecessor-version":[{"id":2283,"href":"https:\/\/wasserlevante.com\/index.php\/wp-json\/wp\/v2\/pages\/2009\/revisions\/2283"}],"wp:attachment":[{"href":"https:\/\/wasserlevante.com\/index.php\/wp-json\/wp\/v2\/media?parent=2009"}],"curies":[{"name":"wp","href":"https:\/\/api.w.org\/{rel}","templated":true}]}}